{"id":5592,"date":"2025-11-23T18:34:56","date_gmt":"2025-11-23T16:34:56","guid":{"rendered":"https:\/\/santechnikosmontavimai.lt\/?post_type=product&#038;p=5592"},"modified":"2025-11-23T18:34:57","modified_gmt":"2025-11-23T16:34:57","slug":"cooperhunter-arctic-3-5-kw-sildymas-iki-25c","status":"publish","type":"product","link":"https:\/\/santechnikosmontavimai.lt\/en\/product\/cooperhunter-arctic-3-5-kw-sildymas-iki-25c\/","title":{"rendered":"Cooper&#038;Hunter Arctic 3.5 kW (\u0161ildymas iki \u201325\u00b0C)"},"content":{"rendered":"<p data-start=\"406\" data-end=\"589\"><strong data-start=\"406\" data-end=\"430\">Cooper&amp;Hunter Arctic<\/strong> \u2013 vienas populiariausi\u0173 oro kondicionieri\u0173 Lietuvoje.<br data-start=\"484\" data-end=\"487\" \/>\u0160is modelis puikiai tinka ir \u0161ildymui \u017eiem\u0105 iki \u201325\u00b0C, turi A+++ energin\u0119 klas\u0119 ir labai tyl\u0173 veikim\u0105.<\/p>\n<p data-start=\"591\" data-end=\"606\"><strong data-start=\"591\" data-end=\"606\">Privalumai:<\/strong><\/p>\n<ul data-start=\"607\" data-end=\"835\">\n<li data-start=\"607\" data-end=\"630\">\n<p data-start=\"609\" data-end=\"630\">A+++ energin\u0117 klas\u0117<\/p>\n<\/li>\n<li data-start=\"631\" data-end=\"653\">\n<p data-start=\"633\" data-end=\"653\">\u0160ildymas iki \u201325\u00b0C<\/p>\n<\/li>\n<li data-start=\"654\" data-end=\"680\">\n<p data-start=\"656\" data-end=\"680\">7 oro padavimo kryptys<\/p>\n<\/li>\n<li data-start=\"681\" data-end=\"711\">\n<p data-start=\"683\" data-end=\"711\">Tylus veikimas \u2013 tik 18 dB<\/p>\n<\/li>\n<li data-start=\"712\" data-end=\"741\">\n<p data-start=\"714\" data-end=\"741\">WiFi valdymas i\u0161 telefono<\/p>\n<\/li>\n<li data-start=\"742\" data-end=\"765\">\n<p data-start=\"744\" data-end=\"765\">Automatinis re\u017eimas<\/p>\n<\/li>\n<li data-start=\"766\" data-end=\"805\">\n<p data-start=\"768\" data-end=\"805\">Itin geras SEER ir SCOP efektyvumas<\/p>\n<\/li>\n<li data-start=\"806\" data-end=\"835\">\n<p data-start=\"808\" data-end=\"835\">Patikimas \u017eieminis \u0161ildymas<\/p>\n<\/li>\n<li data-start=\"806\" data-end=\"835\">Techniniai duomenys<br \/>\n&#8211; \u0160aldymo galia: 3.5 kW<br \/>\n&#8211; \u0160ildymo galia: 4.0 kW<br \/>\n&#8211; Energin\u0117 klas\u0117: A+++<br \/>\n&#8211; Triuk\u0161mo lygis: 18\u201340 dB<br \/>\n&#8211; \u0160altne\u0161is: R32<br \/>\n&#8211; Darbin\u0117 temperat\u016bra \u0161ildyme: iki \u201325\u00b0C<br \/>\n&#8211; WiFi valdymas: Taip<br \/>\n&#8211; Garantija: 5 metai<\/li>\n<\/ul>","protected":false},"excerpt":{"rendered":"<p>Cooper&amp;Hunter Arctic \u2013 vienas populiariausi\u0173 oro kondicionieri\u0173 Lietuvoje.\u0160is modelis puikiai tinka ir \u0161ildymui \u017eiem\u0105 iki \u201325\u00b0C, turi A+++ energin\u0119 klas\u0119 ir labai tyl\u0173 veikim\u0105. Privalumai: A+++ energin\u0117 klas\u0117 \u0160ildymas iki \u201325\u00b0C 7 oro padavimo kryptys Tylus veikimas \u2013 tik 18 dB WiFi valdymas i\u0161 telefono Automatinis re\u017eimas Itin geras SEER ir SCOP efektyvumas Patikimas \u017eieminis [&hellip;]<\/p>\n","protected":false},"featured_media":5593,"template":"","meta":{"site-sidebar-layout":"default","site-content-layout":"","ast-site-content-layout":"default","site-content-style":"default","site-sidebar-style":"default","ast-global-header-display":"","ast-banner-title-visibility":"","ast-main-header-display":"","ast-hfb-above-header-display":"","ast-hfb-below-header-display":"","ast-hfb-mobile-header-display":"","site-post-title":"","ast-breadcrumbs-content":"","ast-featured-img":"","footer-sml-layout":"","theme-transparent-header-meta":"default","adv-header-id-meta":"","stick-header-meta":"","header-above-stick-meta":"","header-main-stick-meta":"","header-below-stick-meta":"","astra-migrate-meta-layouts":"set","ast-page-background-enabled":"default","ast-page-background-meta":{"desktop":{"background-color":"","background-image":"","background-repeat":"repeat","background-position":"center center","background-size":"auto","background-attachment":"scroll","background-type":"","background-media":"","overlay-type":"","overlay-color":"","overlay-opacity":"","overlay-gradient":""},"tablet":{"background-color":"","background-image":"","background-repeat":"repeat","background-position":"center center","background-size":"auto","background-attachment":"scroll","background-type":"","background-media":"","overlay-type":"","overlay-color":"","overlay-opacity":"","overlay-gradient":""},"mobile":{"background-color":"","background-image":"","background-repeat":"repeat","background-position":"center center","background-size":"auto","background-attachment":"scroll","background-type":"","background-media":"","overlay-type":"","overlay-color":"","overlay-opacity":"","overlay-gradient":""}},"ast-content-background-meta":{"desktop":{"background-color":"var(--ast-global-color-5)","background-image":"","background-repeat":"repeat","background-position":"center center","background-size":"auto","background-attachment":"scroll","background-type":"","background-media":"","overlay-type":"","overlay-color":"","overlay-opacity":"","overlay-gradient":""},"tablet":{"background-color":"var(--ast-global-color-5)","background-image":"","background-repeat":"repeat","background-position":"center center","background-size":"auto","background-attachment":"scroll","background-type":"","background-media":"","overlay-type":"","overlay-color":"","overlay-opacity":"","overlay-gradient":""},"mobile":{"background-color":"var(--ast-global-color-5)","background-image":"","background-repeat":"repeat","background-position":"center center","background-size":"auto","background-attachment":"scroll","background-type":"","background-media":"","overlay-type":"","overlay-color":"","overlay-opacity":"","overlay-gradient":""}}},"product_brand":[],"product_cat":[308,313],"product_tag":[],"class_list":{"0":"post-5592","1":"product","2":"type-product","3":"status-publish","4":"has-post-thumbnail","6":"product_cat-oro-kondicionieriai","7":"product_cat-split-tipo-oro-kondicionieriai","8":"desktop-align-left","9":"tablet-align-left","10":"mobile-align-left","12":"first","13":"instock","14":"taxable","15":"shipping-taxable","16":"purchasable","17":"product-type-variable"},"yoast_head":"<!-- This site is optimized with the Yoast SEO plugin v27.5 - https:\/\/yoast.com\/product\/yoast-seo-wordpress\/ -->\n<title>Cooper&amp;Hunter Arctic 3.5 kW (\u0161ildymas iki \u201325\u00b0C) - Santechnikos montavimai<\/title>\n<meta name=\"robots\" content=\"index, follow, max-snippet:-1, max-image-preview:large, max-video-preview:-1\" \/>\n<link rel=\"canonical\" href=\"https:\/\/santechnikosmontavimai.lt\/en\/product\/cooperhunter-arctic-3-5-kw-sildymas-iki-25c\/\" \/>\n<meta property=\"og:locale\" content=\"en_GB\" \/>\n<meta property=\"og:type\" content=\"article\" \/>\n<meta property=\"og:title\" content=\"Cooper&amp;Hunter Arctic 3.5 kW (\u0161ildymas iki \u201325\u00b0C) - Santechnikos montavimai\" \/>\n<meta property=\"og:description\" content=\"Cooper&amp;Hunter Arctic \u2013 vienas populiariausi\u0173 oro kondicionieri\u0173 Lietuvoje.\u0160is modelis puikiai tinka ir \u0161ildymui \u017eiem\u0105 iki \u201325\u00b0C, turi A+++ energin\u0119 klas\u0119 ir labai tyl\u0173 veikim\u0105. Privalumai: A+++ energin\u0117 klas\u0117 \u0160ildymas iki \u201325\u00b0C 7 oro padavimo kryptys Tylus veikimas \u2013 tik 18 dB WiFi valdymas i\u0161 telefono Automatinis re\u017eimas Itin geras SEER ir SCOP efektyvumas Patikimas \u017eieminis [&hellip;]\" \/>\n<meta property=\"og:url\" content=\"https:\/\/santechnikosmontavimai.lt\/en\/product\/cooperhunter-arctic-3-5-kw-sildymas-iki-25c\/\" \/>\n<meta property=\"og:site_name\" content=\"Santechnikos montavimai\" \/>\n<meta property=\"article:publisher\" content=\"https:\/\/facebook.com\/Santechnikosmontavimai\" \/>\n<meta property=\"article:modified_time\" content=\"2025-11-23T16:34:57+00:00\" \/>\n<meta property=\"og:image\" content=\"https:\/\/santechnikosmontavimai.lt\/wp-content\/uploads\/2025\/11\/l-4fae00fef7.webp\" \/>\n\t<meta property=\"og:image:width\" content=\"796\" \/>\n\t<meta property=\"og:image:height\" content=\"796\" \/>\n\t<meta property=\"og:image:type\" content=\"image\/webp\" \/>\n<meta name=\"twitter:card\" content=\"summary_large_image\" \/>\n<meta name=\"twitter:label1\" content=\"Estimated reading time\" \/>\n\t<meta name=\"twitter:data1\" content=\"1 minute\" \/>\n<script type=\"application\/ld+json\" class=\"yoast-schema-graph\">{\"@context\":\"https:\\\/\\\/schema.org\",\"@graph\":[{\"@type\":\"WebPage\",\"@id\":\"https:\\\/\\\/santechnikosmontavimai.lt\\\/produktas\\\/cooperhunter-arctic-3-5-kw-sildymas-iki-25c\\\/\",\"url\":\"https:\\\/\\\/santechnikosmontavimai.lt\\\/produktas\\\/cooperhunter-arctic-3-5-kw-sildymas-iki-25c\\\/\",\"name\":\"Cooper&Hunter Arctic 3.5 kW (\u0161ildymas iki \u201325\u00b0C) - Santechnikos montavimai\",\"isPartOf\":{\"@id\":\"https:\\\/\\\/santechnikosmontavimai.lt\\\/#website\"},\"primaryImageOfPage\":{\"@id\":\"https:\\\/\\\/santechnikosmontavimai.lt\\\/produktas\\\/cooperhunter-arctic-3-5-kw-sildymas-iki-25c\\\/#primaryimage\"},\"image\":{\"@id\":\"https:\\\/\\\/santechnikosmontavimai.lt\\\/produktas\\\/cooperhunter-arctic-3-5-kw-sildymas-iki-25c\\\/#primaryimage\"},\"thumbnailUrl\":\"https:\\\/\\\/santechnikosmontavimai.lt\\\/wp-content\\\/uploads\\\/2025\\\/11\\\/l-4fae00fef7.webp\",\"datePublished\":\"2025-11-23T16:34:56+00:00\",\"dateModified\":\"2025-11-23T16:34:57+00:00\",\"breadcrumb\":{\"@id\":\"https:\\\/\\\/santechnikosmontavimai.lt\\\/produktas\\\/cooperhunter-arctic-3-5-kw-sildymas-iki-25c\\\/#breadcrumb\"},\"inLanguage\":\"en-GB\",\"potentialAction\":[{\"@type\":\"ReadAction\",\"target\":[\"https:\\\/\\\/santechnikosmontavimai.lt\\\/produktas\\\/cooperhunter-arctic-3-5-kw-sildymas-iki-25c\\\/\"]}]},{\"@type\":\"ImageObject\",\"inLanguage\":\"en-GB\",\"@id\":\"https:\\\/\\\/santechnikosmontavimai.lt\\\/produktas\\\/cooperhunter-arctic-3-5-kw-sildymas-iki-25c\\\/#primaryimage\",\"url\":\"https:\\\/\\\/santechnikosmontavimai.lt\\\/wp-content\\\/uploads\\\/2025\\\/11\\\/l-4fae00fef7.webp\",\"contentUrl\":\"https:\\\/\\\/santechnikosmontavimai.lt\\\/wp-content\\\/uploads\\\/2025\\\/11\\\/l-4fae00fef7.webp\",\"width\":796,\"height\":796},{\"@type\":\"BreadcrumbList\",\"@id\":\"https:\\\/\\\/santechnikosmontavimai.lt\\\/produktas\\\/cooperhunter-arctic-3-5-kw-sildymas-iki-25c\\\/#breadcrumb\",\"itemListElement\":[{\"@type\":\"ListItem\",\"position\":1,\"name\":\"Home\",\"item\":\"https:\\\/\\\/santechnikosmontavimai.lt\\\/\"},{\"@type\":\"ListItem\",\"position\":2,\"name\":\"Pardavimai\",\"item\":\"https:\\\/\\\/santechnikosmontavimai.lt\\\/pardavimai\\\/\"},{\"@type\":\"ListItem\",\"position\":3,\"name\":\"Cooper&#038;Hunter Arctic 3.5 kW (\u0161ildymas iki \u201325\u00b0C)\"}]},{\"@type\":\"WebSite\",\"@id\":\"https:\\\/\\\/santechnikosmontavimai.lt\\\/#website\",\"url\":\"https:\\\/\\\/santechnikosmontavimai.lt\\\/\",\"name\":\"Santechnikos montavimai\",\"description\":\"Visos santechnikos paslaugos\",\"publisher\":{\"@id\":\"https:\\\/\\\/santechnikosmontavimai.lt\\\/#organization\"},\"potentialAction\":[{\"@type\":\"SearchAction\",\"target\":{\"@type\":\"EntryPoint\",\"urlTemplate\":\"https:\\\/\\\/santechnikosmontavimai.lt\\\/?s={search_term_string}\"},\"query-input\":{\"@type\":\"PropertyValueSpecification\",\"valueRequired\":true,\"valueName\":\"search_term_string\"}}],\"inLanguage\":\"en-GB\"},{\"@type\":\"Organization\",\"@id\":\"https:\\\/\\\/santechnikosmontavimai.lt\\\/#organization\",\"name\":\"Santechnikos montavimai\",\"url\":\"https:\\\/\\\/santechnikosmontavimai.lt\\\/\",\"logo\":{\"@type\":\"ImageObject\",\"inLanguage\":\"en-GB\",\"@id\":\"https:\\\/\\\/santechnikosmontavimai.lt\\\/#\\\/schema\\\/logo\\\/image\\\/\",\"url\":\"https:\\\/\\\/santechnikosmontavimai.lt\\\/wp-content\\\/uploads\\\/2022\\\/10\\\/logo.png\",\"contentUrl\":\"https:\\\/\\\/santechnikosmontavimai.lt\\\/wp-content\\\/uploads\\\/2022\\\/10\\\/logo.png\",\"width\":180,\"height\":166,\"caption\":\"Santechnikos montavimai\"},\"image\":{\"@id\":\"https:\\\/\\\/santechnikosmontavimai.lt\\\/#\\\/schema\\\/logo\\\/image\\\/\"},\"sameAs\":[\"https:\\\/\\\/facebook.com\\\/Santechnikosmontavimai\"]}]}<\/script>\n<!-- \/ Yoast SEO plugin. -->","yoast_head_json":{"title":"Cooper&Hunter Arctic 3.5 kW (\u0161ildymas iki \u201325\u00b0C) - Santechnikos montavimai","robots":{"index":"index","follow":"follow","max-snippet":"max-snippet:-1","max-image-preview":"max-image-preview:large","max-video-preview":"max-video-preview:-1"},"canonical":"https:\/\/santechnikosmontavimai.lt\/en\/product\/cooperhunter-arctic-3-5-kw-sildymas-iki-25c\/","og_locale":"en_GB","og_type":"article","og_title":"Cooper&Hunter Arctic 3.5 kW (\u0161ildymas iki \u201325\u00b0C) - Santechnikos montavimai","og_description":"Cooper&amp;Hunter Arctic \u2013 vienas populiariausi\u0173 oro kondicionieri\u0173 Lietuvoje.\u0160is modelis puikiai tinka ir \u0161ildymui \u017eiem\u0105 iki \u201325\u00b0C, turi A+++ energin\u0119 klas\u0119 ir labai tyl\u0173 veikim\u0105. Privalumai: A+++ energin\u0117 klas\u0117 \u0160ildymas iki \u201325\u00b0C 7 oro padavimo kryptys Tylus veikimas \u2013 tik 18 dB WiFi valdymas i\u0161 telefono Automatinis re\u017eimas Itin geras SEER ir SCOP efektyvumas Patikimas \u017eieminis [&hellip;]","og_url":"https:\/\/santechnikosmontavimai.lt\/en\/product\/cooperhunter-arctic-3-5-kw-sildymas-iki-25c\/","og_site_name":"Santechnikos montavimai","article_publisher":"https:\/\/facebook.com\/Santechnikosmontavimai","article_modified_time":"2025-11-23T16:34:57+00:00","og_image":[{"width":796,"height":796,"url":"https:\/\/santechnikosmontavimai.lt\/wp-content\/uploads\/2025\/11\/l-4fae00fef7.webp","type":"image\/webp"}],"twitter_card":"summary_large_image","twitter_misc":{"Estimated reading time":"1 minute"},"schema":{"@context":"https:\/\/schema.org","@graph":[{"@type":"WebPage","@id":"https:\/\/santechnikosmontavimai.lt\/produktas\/cooperhunter-arctic-3-5-kw-sildymas-iki-25c\/","url":"https:\/\/santechnikosmontavimai.lt\/produktas\/cooperhunter-arctic-3-5-kw-sildymas-iki-25c\/","name":"Cooper&Hunter Arctic 3.5 kW (\u0161ildymas iki \u201325\u00b0C) - Santechnikos montavimai","isPartOf":{"@id":"https:\/\/santechnikosmontavimai.lt\/#website"},"primaryImageOfPage":{"@id":"https:\/\/santechnikosmontavimai.lt\/produktas\/cooperhunter-arctic-3-5-kw-sildymas-iki-25c\/#primaryimage"},"image":{"@id":"https:\/\/santechnikosmontavimai.lt\/produktas\/cooperhunter-arctic-3-5-kw-sildymas-iki-25c\/#primaryimage"},"thumbnailUrl":"https:\/\/santechnikosmontavimai.lt\/wp-content\/uploads\/2025\/11\/l-4fae00fef7.webp","datePublished":"2025-11-23T16:34:56+00:00","dateModified":"2025-11-23T16:34:57+00:00","breadcrumb":{"@id":"https:\/\/santechnikosmontavimai.lt\/produktas\/cooperhunter-arctic-3-5-kw-sildymas-iki-25c\/#breadcrumb"},"inLanguage":"en-GB","potentialAction":[{"@type":"ReadAction","target":["https:\/\/santechnikosmontavimai.lt\/produktas\/cooperhunter-arctic-3-5-kw-sildymas-iki-25c\/"]}]},{"@type":"ImageObject","inLanguage":"en-GB","@id":"https:\/\/santechnikosmontavimai.lt\/produktas\/cooperhunter-arctic-3-5-kw-sildymas-iki-25c\/#primaryimage","url":"https:\/\/santechnikosmontavimai.lt\/wp-content\/uploads\/2025\/11\/l-4fae00fef7.webp","contentUrl":"https:\/\/santechnikosmontavimai.lt\/wp-content\/uploads\/2025\/11\/l-4fae00fef7.webp","width":796,"height":796},{"@type":"BreadcrumbList","@id":"https:\/\/santechnikosmontavimai.lt\/produktas\/cooperhunter-arctic-3-5-kw-sildymas-iki-25c\/#breadcrumb","itemListElement":[{"@type":"ListItem","position":1,"name":"Home","item":"https:\/\/santechnikosmontavimai.lt\/"},{"@type":"ListItem","position":2,"name":"Pardavimai","item":"https:\/\/santechnikosmontavimai.lt\/pardavimai\/"},{"@type":"ListItem","position":3,"name":"Cooper&#038;Hunter Arctic 3.5 kW (\u0161ildymas iki \u201325\u00b0C)"}]},{"@type":"WebSite","@id":"https:\/\/santechnikosmontavimai.lt\/#website","url":"https:\/\/santechnikosmontavimai.lt\/","name":"Santechnikos montavimai","description":"All plumbing services","publisher":{"@id":"https:\/\/santechnikosmontavimai.lt\/#organization"},"potentialAction":[{"@type":"SearchAction","target":{"@type":"EntryPoint","urlTemplate":"https:\/\/santechnikosmontavimai.lt\/?s={search_term_string}"},"query-input":{"@type":"PropertyValueSpecification","valueRequired":true,"valueName":"search_term_string"}}],"inLanguage":"en-GB"},{"@type":"Organization","@id":"https:\/\/santechnikosmontavimai.lt\/#organization","name":"Santechnikos montavimai","url":"https:\/\/santechnikosmontavimai.lt\/","logo":{"@type":"ImageObject","inLanguage":"en-GB","@id":"https:\/\/santechnikosmontavimai.lt\/#\/schema\/logo\/image\/","url":"https:\/\/santechnikosmontavimai.lt\/wp-content\/uploads\/2022\/10\/logo.png","contentUrl":"https:\/\/santechnikosmontavimai.lt\/wp-content\/uploads\/2022\/10\/logo.png","width":180,"height":166,"caption":"Santechnikos montavimai"},"image":{"@id":"https:\/\/santechnikosmontavimai.lt\/#\/schema\/logo\/image\/"},"sameAs":["https:\/\/facebook.com\/Santechnikosmontavimai"]}]}},"_links":{"self":[{"href":"https:\/\/santechnikosmontavimai.lt\/en\/wp-json\/wp\/v2\/product\/5592","targetHints":{"allow":["GET"]}}],"collection":[{"href":"https:\/\/santechnikosmontavimai.lt\/en\/wp-json\/wp\/v2\/product"}],"about":[{"href":"https:\/\/santechnikosmontavimai.lt\/en\/wp-json\/wp\/v2\/types\/product"}],"wp:featuredmedia":[{"embeddable":true,"href":"https:\/\/santechnikosmontavimai.lt\/en\/wp-json\/wp\/v2\/media\/5593"}],"wp:attachment":[{"href":"https:\/\/santechnikosmontavimai.lt\/en\/wp-json\/wp\/v2\/media?parent=5592"}],"wp:term":[{"taxonomy":"product_brand","embeddable":true,"href":"https:\/\/santechnikosmontavimai.lt\/en\/wp-json\/wp\/v2\/product_brand?post=5592"},{"taxonomy":"product_cat","embeddable":true,"href":"https:\/\/santechnikosmontavimai.lt\/en\/wp-json\/wp\/v2\/product_cat?post=5592"},{"taxonomy":"product_tag","embeddable":true,"href":"https:\/\/santechnikosmontavimai.lt\/en\/wp-json\/wp\/v2\/product_tag?post=5592"}],"curies":[{"name":"wp","href":"https:\/\/api.w.org\/{rel}","templated":true}]}}