{"id":5585,"date":"2025-11-23T18:18:52","date_gmt":"2025-11-23T16:18:52","guid":{"rendered":"https:\/\/santechnikosmontavimai.lt\/?post_type=product&#038;p=5585"},"modified":"2025-11-23T18:20:24","modified_gmt":"2025-11-23T16:20:24","slug":"midea-breezeless-3-5-kw-saldymas-sildymas","status":"publish","type":"product","link":"https:\/\/santechnikosmontavimai.lt\/en\/product\/midea-breezeless-3-5-kw-saldymas-sildymas\/","title":{"rendered":"Midea Breezeless 3.5 kW (\u0161aldymas\/\u0161ildymas)"},"content":{"rendered":"<h2 data-start=\"562\" data-end=\"604\"><strong data-start=\"565\" data-end=\"604\">Pagrindinis apra\u0161ymas\u00a0<\/strong><\/h2>\n<p data-start=\"606\" data-end=\"782\"><strong data-start=\"606\" data-end=\"626\">Midea Breezeless<\/strong> \u2013 naujos kartos oro kondicionierius su \u0161velniu, tolygiai paskirstytu oro srautu.<br data-start=\"707\" data-end=\"710\" \/>Tinka butams, namams, ofisams.<br data-start=\"740\" data-end=\"743\" \/>Itin tylus, efektyvus, su WiFi valdymu.<\/p>\n<p data-start=\"784\" data-end=\"799\"><strong data-start=\"784\" data-end=\"799\">Privalumai:<\/strong><\/p>\n<ul data-start=\"800\" data-end=\"1012\">\n<li data-start=\"800\" data-end=\"848\">\n<p data-start=\"802\" data-end=\"848\">\u0160velnus oro srautas (jokio skersv\u0117jo jausmo)<\/p>\n<\/li>\n<li data-start=\"849\" data-end=\"872\">\n<p data-start=\"851\" data-end=\"872\">A+++ energin\u0117 klas\u0117<\/p>\n<\/li>\n<li data-start=\"873\" data-end=\"895\">\n<p data-start=\"875\" data-end=\"895\">\u0160ildymas iki \u201325\u00b0C<\/p>\n<\/li>\n<li data-start=\"896\" data-end=\"931\">\n<p data-start=\"898\" data-end=\"931\">Itin tylus veikimas (iki 19 dB)<\/p>\n<\/li>\n<li data-start=\"932\" data-end=\"952\">\n<p data-start=\"934\" data-end=\"952\">Integruotas WiFi<\/p>\n<\/li>\n<li data-start=\"953\" data-end=\"975\">\n<p data-start=\"955\" data-end=\"975\">3D oro nukreipimas<\/p>\n<\/li>\n<li data-start=\"976\" data-end=\"1012\">\n<p data-start=\"978\" data-end=\"1012\">Ekonomi\u0161kas, saugus kompresorius<\/p>\n<\/li>\n<\/ul>\n<hr data-start=\"1014\" data-end=\"1017\" \/>\n<h2 data-start=\"1019\" data-end=\"1059\"><strong data-start=\"1022\" data-end=\"1059\">Techniniai duomenys\u00a0<\/strong><\/h2>\n<ul data-start=\"1061\" data-end=\"1287\">\n<li data-start=\"1061\" data-end=\"1090\">\n<p data-start=\"1063\" data-end=\"1090\">Galia \u0161aldyme: <strong data-start=\"1078\" data-end=\"1088\">3.5 kW<\/strong><\/p>\n<\/li>\n<li data-start=\"1091\" data-end=\"1120\">\n<p data-start=\"1093\" data-end=\"1120\">Galia \u0161ildyme: <strong data-start=\"1108\" data-end=\"1118\">3.8 kW<\/strong><\/p>\n<\/li>\n<li data-start=\"1121\" data-end=\"1150\">\n<p data-start=\"1123\" data-end=\"1150\">Energijos klas\u0117: <strong data-start=\"1140\" data-end=\"1148\">A+++<\/strong><\/p>\n<\/li>\n<li data-start=\"1151\" data-end=\"1183\">\n<p data-start=\"1153\" data-end=\"1183\">Triuk\u0161mo lygis: <strong data-start=\"1169\" data-end=\"1181\">19\u201342 dB<\/strong><\/p>\n<\/li>\n<li data-start=\"1184\" data-end=\"1206\">\n<p data-start=\"1186\" data-end=\"1206\">\u0160altne\u0161is: <strong data-start=\"1197\" data-end=\"1204\">R32<\/strong><\/p>\n<\/li>\n<li data-start=\"1207\" data-end=\"1234\">\n<p data-start=\"1209\" data-end=\"1234\">\u0160ildymas iki: <strong data-start=\"1223\" data-end=\"1232\">\u201325\u00b0C<\/strong><\/p>\n<\/li>\n<li data-start=\"1235\" data-end=\"1262\">\n<p data-start=\"1237\" data-end=\"1262\">WiFi valdymas: <strong data-start=\"1252\" data-end=\"1260\">taip<\/strong><\/p>\n<\/li>\n<li data-start=\"1263\" data-end=\"1287\">\n<p data-start=\"1265\" data-end=\"1287\">Garantija: <strong data-start=\"1276\" data-end=\"1287\">5 metai<\/strong><\/p>\n<\/li>\n<\/ul>","protected":false},"excerpt":{"rendered":"<p>Pagrindinis apra\u0161ymas\u00a0 Midea Breezeless \u2013 naujos kartos oro kondicionierius su \u0161velniu, tolygiai paskirstytu oro srautu.Tinka butams, namams, ofisams.Itin tylus, efektyvus, su WiFi valdymu. Privalumai: \u0160velnus oro srautas (jokio skersv\u0117jo jausmo) A+++ energin\u0117 klas\u0117 \u0160ildymas iki \u201325\u00b0C Itin tylus veikimas (iki 19 dB) Integruotas WiFi 3D oro nukreipimas Ekonomi\u0161kas, saugus kompresorius Techniniai duomenys\u00a0 Galia \u0161aldyme: 3.5 [&hellip;]<\/p>\n","protected":false},"featured_media":5590,"template":"","meta":{"site-sidebar-layout":"default","site-content-layout":"","ast-site-content-layout":"default","site-content-style":"default","site-sidebar-style":"default","ast-global-header-display":"","ast-banner-title-visibility":"","ast-main-header-display":"","ast-hfb-above-header-display":"","ast-hfb-below-header-display":"","ast-hfb-mobile-header-display":"","site-post-title":"","ast-breadcrumbs-content":"","ast-featured-img":"","footer-sml-layout":"","theme-transparent-header-meta":"default","adv-header-id-meta":"","stick-header-meta":"","header-above-stick-meta":"","header-main-stick-meta":"","header-below-stick-meta":"","astra-migrate-meta-layouts":"set","ast-page-background-enabled":"default","ast-page-background-meta":{"desktop":{"background-color":"","background-image":"","background-repeat":"repeat","background-position":"center center","background-size":"auto","background-attachment":"scroll","background-type":"","background-media":"","overlay-type":"","overlay-color":"","overlay-opacity":"","overlay-gradient":""},"tablet":{"background-color":"","background-image":"","background-repeat":"repeat","background-position":"center center","background-size":"auto","background-attachment":"scroll","background-type":"","background-media":"","overlay-type":"","overlay-color":"","overlay-opacity":"","overlay-gradient":""},"mobile":{"background-color":"","background-image":"","background-repeat":"repeat","background-position":"center center","background-size":"auto","background-attachment":"scroll","background-type":"","background-media":"","overlay-type":"","overlay-color":"","overlay-opacity":"","overlay-gradient":""}},"ast-content-background-meta":{"desktop":{"background-color":"var(--ast-global-color-5)","background-image":"","background-repeat":"repeat","background-position":"center center","background-size":"auto","background-attachment":"scroll","background-type":"","background-media":"","overlay-type":"","overlay-color":"","overlay-opacity":"","overlay-gradient":""},"tablet":{"background-color":"var(--ast-global-color-5)","background-image":"","background-repeat":"repeat","background-position":"center center","background-size":"auto","background-attachment":"scroll","background-type":"","background-media":"","overlay-type":"","overlay-color":"","overlay-opacity":"","overlay-gradient":""},"mobile":{"background-color":"var(--ast-global-color-5)","background-image":"","background-repeat":"repeat","background-position":"center center","background-size":"auto","background-attachment":"scroll","background-type":"","background-media":"","overlay-type":"","overlay-color":"","overlay-opacity":"","overlay-gradient":""}}},"product_brand":[],"product_cat":[308,313],"product_tag":[],"class_list":{"0":"post-5585","1":"product","2":"type-product","3":"status-publish","4":"has-post-thumbnail","6":"product_cat-oro-kondicionieriai","7":"product_cat-split-tipo-oro-kondicionieriai","8":"desktop-align-left","9":"tablet-align-left","10":"mobile-align-left","12":"first","13":"instock","14":"taxable","15":"shipping-taxable","16":"purchasable","17":"product-type-variable"},"yoast_head":"<!-- This site is optimized with the Yoast SEO plugin v27.5 - https:\/\/yoast.com\/product\/yoast-seo-wordpress\/ -->\n<title>Midea Breezeless 3.5 kW (\u0161aldymas\/\u0161ildymas) - Santechnikos montavimai<\/title>\n<meta name=\"robots\" content=\"index, follow, max-snippet:-1, max-image-preview:large, max-video-preview:-1\" \/>\n<link rel=\"canonical\" href=\"https:\/\/santechnikosmontavimai.lt\/en\/product\/midea-breezeless-3-5-kw-saldymas-sildymas\/\" \/>\n<meta property=\"og:locale\" content=\"en_GB\" \/>\n<meta property=\"og:type\" content=\"article\" \/>\n<meta property=\"og:title\" content=\"Midea Breezeless 3.5 kW (\u0161aldymas\/\u0161ildymas) - Santechnikos montavimai\" \/>\n<meta property=\"og:description\" content=\"Pagrindinis apra\u0161ymas\u00a0 Midea Breezeless \u2013 naujos kartos oro kondicionierius su \u0161velniu, tolygiai paskirstytu oro srautu.Tinka butams, namams, ofisams.Itin tylus, efektyvus, su WiFi valdymu. Privalumai: \u0160velnus oro srautas (jokio skersv\u0117jo jausmo) A+++ energin\u0117 klas\u0117 \u0160ildymas iki \u201325\u00b0C Itin tylus veikimas (iki 19 dB) Integruotas WiFi 3D oro nukreipimas Ekonomi\u0161kas, saugus kompresorius Techniniai duomenys\u00a0 Galia \u0161aldyme: 3.5 [&hellip;]\" \/>\n<meta property=\"og:url\" content=\"https:\/\/santechnikosmontavimai.lt\/en\/product\/midea-breezeless-3-5-kw-saldymas-sildymas\/\" \/>\n<meta property=\"og:site_name\" content=\"Santechnikos montavimai\" \/>\n<meta property=\"article:publisher\" content=\"https:\/\/facebook.com\/Santechnikosmontavimai\" \/>\n<meta property=\"article:modified_time\" content=\"2025-11-23T16:20:24+00:00\" \/>\n<meta property=\"og:image\" content=\"https:\/\/santechnikosmontavimai.lt\/wp-content\/uploads\/2025\/11\/air-conditioner-with-wifi-midea-breezeless-e-5-2-kw-18000-btu-e-52-18-n8-1.png\" \/>\n\t<meta property=\"og:image:width\" content=\"1200\" \/>\n\t<meta property=\"og:image:height\" content=\"1200\" \/>\n\t<meta property=\"og:image:type\" content=\"image\/png\" \/>\n<meta name=\"twitter:card\" content=\"summary_large_image\" \/>\n<meta name=\"twitter:label1\" content=\"Estimated reading time\" \/>\n\t<meta name=\"twitter:data1\" content=\"1 minute\" \/>\n<script type=\"application\/ld+json\" class=\"yoast-schema-graph\">{\"@context\":\"https:\\\/\\\/schema.org\",\"@graph\":[{\"@type\":\"WebPage\",\"@id\":\"https:\\\/\\\/santechnikosmontavimai.lt\\\/produktas\\\/midea-breezeless-3-5-kw-saldymas-sildymas\\\/\",\"url\":\"https:\\\/\\\/santechnikosmontavimai.lt\\\/produktas\\\/midea-breezeless-3-5-kw-saldymas-sildymas\\\/\",\"name\":\"Midea Breezeless 3.5 kW (\u0161aldymas\\\/\u0161ildymas) - Santechnikos montavimai\",\"isPartOf\":{\"@id\":\"https:\\\/\\\/santechnikosmontavimai.lt\\\/#website\"},\"primaryImageOfPage\":{\"@id\":\"https:\\\/\\\/santechnikosmontavimai.lt\\\/produktas\\\/midea-breezeless-3-5-kw-saldymas-sildymas\\\/#primaryimage\"},\"image\":{\"@id\":\"https:\\\/\\\/santechnikosmontavimai.lt\\\/produktas\\\/midea-breezeless-3-5-kw-saldymas-sildymas\\\/#primaryimage\"},\"thumbnailUrl\":\"https:\\\/\\\/santechnikosmontavimai.lt\\\/wp-content\\\/uploads\\\/2025\\\/11\\\/air-conditioner-with-wifi-midea-breezeless-e-5-2-kw-18000-btu-e-52-18-n8-1.png\",\"datePublished\":\"2025-11-23T16:18:52+00:00\",\"dateModified\":\"2025-11-23T16:20:24+00:00\",\"breadcrumb\":{\"@id\":\"https:\\\/\\\/santechnikosmontavimai.lt\\\/produktas\\\/midea-breezeless-3-5-kw-saldymas-sildymas\\\/#breadcrumb\"},\"inLanguage\":\"en-GB\",\"potentialAction\":[{\"@type\":\"ReadAction\",\"target\":[\"https:\\\/\\\/santechnikosmontavimai.lt\\\/produktas\\\/midea-breezeless-3-5-kw-saldymas-sildymas\\\/\"]}]},{\"@type\":\"ImageObject\",\"inLanguage\":\"en-GB\",\"@id\":\"https:\\\/\\\/santechnikosmontavimai.lt\\\/produktas\\\/midea-breezeless-3-5-kw-saldymas-sildymas\\\/#primaryimage\",\"url\":\"https:\\\/\\\/santechnikosmontavimai.lt\\\/wp-content\\\/uploads\\\/2025\\\/11\\\/air-conditioner-with-wifi-midea-breezeless-e-5-2-kw-18000-btu-e-52-18-n8-1.png\",\"contentUrl\":\"https:\\\/\\\/santechnikosmontavimai.lt\\\/wp-content\\\/uploads\\\/2025\\\/11\\\/air-conditioner-with-wifi-midea-breezeless-e-5-2-kw-18000-btu-e-52-18-n8-1.png\",\"width\":1200,\"height\":1200},{\"@type\":\"BreadcrumbList\",\"@id\":\"https:\\\/\\\/santechnikosmontavimai.lt\\\/produktas\\\/midea-breezeless-3-5-kw-saldymas-sildymas\\\/#breadcrumb\",\"itemListElement\":[{\"@type\":\"ListItem\",\"position\":1,\"name\":\"Home\",\"item\":\"https:\\\/\\\/santechnikosmontavimai.lt\\\/\"},{\"@type\":\"ListItem\",\"position\":2,\"name\":\"Pardavimai\",\"item\":\"https:\\\/\\\/santechnikosmontavimai.lt\\\/pardavimai\\\/\"},{\"@type\":\"ListItem\",\"position\":3,\"name\":\"Midea Breezeless 3.5 kW (\u0161aldymas\\\/\u0161ildymas)\"}]},{\"@type\":\"WebSite\",\"@id\":\"https:\\\/\\\/santechnikosmontavimai.lt\\\/#website\",\"url\":\"https:\\\/\\\/santechnikosmontavimai.lt\\\/\",\"name\":\"Santechnikos montavimai\",\"description\":\"Visos santechnikos paslaugos\",\"publisher\":{\"@id\":\"https:\\\/\\\/santechnikosmontavimai.lt\\\/#organization\"},\"potentialAction\":[{\"@type\":\"SearchAction\",\"target\":{\"@type\":\"EntryPoint\",\"urlTemplate\":\"https:\\\/\\\/santechnikosmontavimai.lt\\\/?s={search_term_string}\"},\"query-input\":{\"@type\":\"PropertyValueSpecification\",\"valueRequired\":true,\"valueName\":\"search_term_string\"}}],\"inLanguage\":\"en-GB\"},{\"@type\":\"Organization\",\"@id\":\"https:\\\/\\\/santechnikosmontavimai.lt\\\/#organization\",\"name\":\"Santechnikos montavimai\",\"url\":\"https:\\\/\\\/santechnikosmontavimai.lt\\\/\",\"logo\":{\"@type\":\"ImageObject\",\"inLanguage\":\"en-GB\",\"@id\":\"https:\\\/\\\/santechnikosmontavimai.lt\\\/#\\\/schema\\\/logo\\\/image\\\/\",\"url\":\"https:\\\/\\\/santechnikosmontavimai.lt\\\/wp-content\\\/uploads\\\/2022\\\/10\\\/logo.png\",\"contentUrl\":\"https:\\\/\\\/santechnikosmontavimai.lt\\\/wp-content\\\/uploads\\\/2022\\\/10\\\/logo.png\",\"width\":180,\"height\":166,\"caption\":\"Santechnikos montavimai\"},\"image\":{\"@id\":\"https:\\\/\\\/santechnikosmontavimai.lt\\\/#\\\/schema\\\/logo\\\/image\\\/\"},\"sameAs\":[\"https:\\\/\\\/facebook.com\\\/Santechnikosmontavimai\"]}]}<\/script>\n<!-- \/ Yoast SEO plugin. -->","yoast_head_json":{"title":"Midea Breezeless 3.5 kW (\u0161aldymas\/\u0161ildymas) - Santechnikos montavimai","robots":{"index":"index","follow":"follow","max-snippet":"max-snippet:-1","max-image-preview":"max-image-preview:large","max-video-preview":"max-video-preview:-1"},"canonical":"https:\/\/santechnikosmontavimai.lt\/en\/product\/midea-breezeless-3-5-kw-saldymas-sildymas\/","og_locale":"en_GB","og_type":"article","og_title":"Midea Breezeless 3.5 kW (\u0161aldymas\/\u0161ildymas) - Santechnikos montavimai","og_description":"Pagrindinis apra\u0161ymas\u00a0 Midea Breezeless \u2013 naujos kartos oro kondicionierius su \u0161velniu, tolygiai paskirstytu oro srautu.Tinka butams, namams, ofisams.Itin tylus, efektyvus, su WiFi valdymu. Privalumai: \u0160velnus oro srautas (jokio skersv\u0117jo jausmo) A+++ energin\u0117 klas\u0117 \u0160ildymas iki \u201325\u00b0C Itin tylus veikimas (iki 19 dB) Integruotas WiFi 3D oro nukreipimas Ekonomi\u0161kas, saugus kompresorius Techniniai duomenys\u00a0 Galia \u0161aldyme: 3.5 [&hellip;]","og_url":"https:\/\/santechnikosmontavimai.lt\/en\/product\/midea-breezeless-3-5-kw-saldymas-sildymas\/","og_site_name":"Santechnikos montavimai","article_publisher":"https:\/\/facebook.com\/Santechnikosmontavimai","article_modified_time":"2025-11-23T16:20:24+00:00","og_image":[{"width":1200,"height":1200,"url":"https:\/\/santechnikosmontavimai.lt\/wp-content\/uploads\/2025\/11\/air-conditioner-with-wifi-midea-breezeless-e-5-2-kw-18000-btu-e-52-18-n8-1.png","type":"image\/png"}],"twitter_card":"summary_large_image","twitter_misc":{"Estimated reading time":"1 minute"},"schema":{"@context":"https:\/\/schema.org","@graph":[{"@type":"WebPage","@id":"https:\/\/santechnikosmontavimai.lt\/produktas\/midea-breezeless-3-5-kw-saldymas-sildymas\/","url":"https:\/\/santechnikosmontavimai.lt\/produktas\/midea-breezeless-3-5-kw-saldymas-sildymas\/","name":"Midea Breezeless 3.5 kW (\u0161aldymas\/\u0161ildymas) - Santechnikos montavimai","isPartOf":{"@id":"https:\/\/santechnikosmontavimai.lt\/#website"},"primaryImageOfPage":{"@id":"https:\/\/santechnikosmontavimai.lt\/produktas\/midea-breezeless-3-5-kw-saldymas-sildymas\/#primaryimage"},"image":{"@id":"https:\/\/santechnikosmontavimai.lt\/produktas\/midea-breezeless-3-5-kw-saldymas-sildymas\/#primaryimage"},"thumbnailUrl":"https:\/\/santechnikosmontavimai.lt\/wp-content\/uploads\/2025\/11\/air-conditioner-with-wifi-midea-breezeless-e-5-2-kw-18000-btu-e-52-18-n8-1.png","datePublished":"2025-11-23T16:18:52+00:00","dateModified":"2025-11-23T16:20:24+00:00","breadcrumb":{"@id":"https:\/\/santechnikosmontavimai.lt\/produktas\/midea-breezeless-3-5-kw-saldymas-sildymas\/#breadcrumb"},"inLanguage":"en-GB","potentialAction":[{"@type":"ReadAction","target":["https:\/\/santechnikosmontavimai.lt\/produktas\/midea-breezeless-3-5-kw-saldymas-sildymas\/"]}]},{"@type":"ImageObject","inLanguage":"en-GB","@id":"https:\/\/santechnikosmontavimai.lt\/produktas\/midea-breezeless-3-5-kw-saldymas-sildymas\/#primaryimage","url":"https:\/\/santechnikosmontavimai.lt\/wp-content\/uploads\/2025\/11\/air-conditioner-with-wifi-midea-breezeless-e-5-2-kw-18000-btu-e-52-18-n8-1.png","contentUrl":"https:\/\/santechnikosmontavimai.lt\/wp-content\/uploads\/2025\/11\/air-conditioner-with-wifi-midea-breezeless-e-5-2-kw-18000-btu-e-52-18-n8-1.png","width":1200,"height":1200},{"@type":"BreadcrumbList","@id":"https:\/\/santechnikosmontavimai.lt\/produktas\/midea-breezeless-3-5-kw-saldymas-sildymas\/#breadcrumb","itemListElement":[{"@type":"ListItem","position":1,"name":"Home","item":"https:\/\/santechnikosmontavimai.lt\/"},{"@type":"ListItem","position":2,"name":"Pardavimai","item":"https:\/\/santechnikosmontavimai.lt\/pardavimai\/"},{"@type":"ListItem","position":3,"name":"Midea Breezeless 3.5 kW (\u0161aldymas\/\u0161ildymas)"}]},{"@type":"WebSite","@id":"https:\/\/santechnikosmontavimai.lt\/#website","url":"https:\/\/santechnikosmontavimai.lt\/","name":"Santechnikos montavimai","description":"All plumbing services","publisher":{"@id":"https:\/\/santechnikosmontavimai.lt\/#organization"},"potentialAction":[{"@type":"SearchAction","target":{"@type":"EntryPoint","urlTemplate":"https:\/\/santechnikosmontavimai.lt\/?s={search_term_string}"},"query-input":{"@type":"PropertyValueSpecification","valueRequired":true,"valueName":"search_term_string"}}],"inLanguage":"en-GB"},{"@type":"Organization","@id":"https:\/\/santechnikosmontavimai.lt\/#organization","name":"Santechnikos montavimai","url":"https:\/\/santechnikosmontavimai.lt\/","logo":{"@type":"ImageObject","inLanguage":"en-GB","@id":"https:\/\/santechnikosmontavimai.lt\/#\/schema\/logo\/image\/","url":"https:\/\/santechnikosmontavimai.lt\/wp-content\/uploads\/2022\/10\/logo.png","contentUrl":"https:\/\/santechnikosmontavimai.lt\/wp-content\/uploads\/2022\/10\/logo.png","width":180,"height":166,"caption":"Santechnikos montavimai"},"image":{"@id":"https:\/\/santechnikosmontavimai.lt\/#\/schema\/logo\/image\/"},"sameAs":["https:\/\/facebook.com\/Santechnikosmontavimai"]}]}},"_links":{"self":[{"href":"https:\/\/santechnikosmontavimai.lt\/en\/wp-json\/wp\/v2\/product\/5585","targetHints":{"allow":["GET"]}}],"collection":[{"href":"https:\/\/santechnikosmontavimai.lt\/en\/wp-json\/wp\/v2\/product"}],"about":[{"href":"https:\/\/santechnikosmontavimai.lt\/en\/wp-json\/wp\/v2\/types\/product"}],"wp:featuredmedia":[{"embeddable":true,"href":"https:\/\/santechnikosmontavimai.lt\/en\/wp-json\/wp\/v2\/media\/5590"}],"wp:attachment":[{"href":"https:\/\/santechnikosmontavimai.lt\/en\/wp-json\/wp\/v2\/media?parent=5585"}],"wp:term":[{"taxonomy":"product_brand","embeddable":true,"href":"https:\/\/santechnikosmontavimai.lt\/en\/wp-json\/wp\/v2\/product_brand?post=5585"},{"taxonomy":"product_cat","embeddable":true,"href":"https:\/\/santechnikosmontavimai.lt\/en\/wp-json\/wp\/v2\/product_cat?post=5585"},{"taxonomy":"product_tag","embeddable":true,"href":"https:\/\/santechnikosmontavimai.lt\/en\/wp-json\/wp\/v2\/product_tag?post=5585"}],"curies":[{"name":"wp","href":"https:\/\/api.w.org\/{rel}","templated":true}]}}