{"id":964,"date":"2022-11-13T11:43:21","date_gmt":"2022-11-13T11:43:21","guid":{"rendered":"https:\/\/santechnikosmontavimai.lt\/?page_id=964"},"modified":"2023-01-08T23:48:13","modified_gmt":"2023-01-08T21:48:13","slug":"vandentiekio-ir-nuoteku-sistemos","status":"publish","type":"page","link":"https:\/\/santechnikosmontavimai.lt\/en\/vandentiekio-ir-nuoteku-sistemos\/","title":{"rendered":"Water supply and sewage systems"},"content":{"rendered":"<div data-elementor-type=\"wp-post\" data-elementor-id=\"964\" class=\"elementor elementor-964\">\n\t\t\t\t\t\t<section class=\"elementor-section elementor-top-section elementor-element elementor-element-ba18039 elementor-section-content-bottom elementor-section-boxed elementor-section-height-default elementor-section-height-default\" data-id=\"ba18039\" data-element_type=\"section\" data-e-type=\"section\" data-settings=\"{&quot;background_background&quot;:&quot;classic&quot;}\">\n\t\t\t\t\t\t\t<div class=\"elementor-background-overlay\"><\/div>\n\t\t\t\t\t\t\t<div class=\"elementor-container elementor-column-gap-no\">\n\t\t\t\t\t<div class=\"elementor-column elementor-col-100 elementor-top-column elementor-element elementor-element-f4fe14c\" data-id=\"f4fe14c\" data-element_type=\"column\" data-e-type=\"column\">\n\t\t\t<div class=\"elementor-widget-wrap elementor-element-populated\">\n\t\t\t\t\t\t<div class=\"elementor-element elementor-element-08960a8 elementor-widget elementor-widget-heading\" data-id=\"08960a8\" data-element_type=\"widget\" data-e-type=\"widget\" data-widget_type=\"heading.default\">\n\t\t\t\t<div class=\"elementor-widget-container\">\n\t\t\t\t\t<h1 class=\"elementor-heading-title elementor-size-default\">Water supply and sewage systems<\/h1>\t\t\t\t<\/div>\n\t\t\t\t<\/div>\n\t\t\t\t\t<\/div>\n\t\t<\/div>\n\t\t\t\t\t<\/div>\n\t\t<\/section>\n\t\t\t\t<section class=\"elementor-section elementor-top-section elementor-element elementor-element-25205b2 elementor-section-boxed elementor-section-height-default elementor-section-height-default\" data-id=\"25205b2\" data-element_type=\"section\" data-e-type=\"section\" data-settings=\"{&quot;background_background&quot;:&quot;classic&quot;}\">\n\t\t\t\t\t\t<div class=\"elementor-container elementor-column-gap-no\">\n\t\t\t\t\t<div class=\"elementor-column elementor-col-50 elementor-top-column elementor-element elementor-element-c2f159c\" data-id=\"c2f159c\" data-element_type=\"column\" data-e-type=\"column\">\n\t\t\t<div class=\"elementor-widget-wrap elementor-element-populated\">\n\t\t\t\t\t\t<div class=\"elementor-element elementor-element-fc4c6d4 elementor-widget elementor-widget-heading\" data-id=\"fc4c6d4\" data-element_type=\"widget\" data-e-type=\"widget\" data-widget_type=\"heading.default\">\n\t\t\t\t<div class=\"elementor-widget-container\">\n\t\t\t\t\t<h6 class=\"elementor-heading-title elementor-size-default\">Santechnikos montavimai, UAB<\/h6>\t\t\t\t<\/div>\n\t\t\t\t<\/div>\n\t\t\t\t<div class=\"elementor-element elementor-element-508f649 elementor-widget elementor-widget-heading\" data-id=\"508f649\" data-element_type=\"widget\" data-e-type=\"widget\" data-widget_type=\"heading.default\">\n\t\t\t\t<div class=\"elementor-widget-container\">\n\t\t\t\t\t<h2 class=\"elementor-heading-title elementor-size-default\">Water supply and sewage systems<\/h2>\t\t\t\t<\/div>\n\t\t\t\t<\/div>\n\t\t\t\t<div class=\"elementor-element elementor-element-0fa97ad elementor-widget elementor-widget-text-editor\" data-id=\"0fa97ad\" data-element_type=\"widget\" data-e-type=\"widget\" data-widget_type=\"text-editor.default\">\n\t\t\t\t<div class=\"elementor-widget-container\">\n\t\t\t\t\t\t\t\t\t<p><strong>Plumbing<\/strong> one of the most important communications for any type of building. It is extremely important to install high-quality outdoor and indoor water pipes, since poor-quality work can cause huge losses and increased water bills, accidents requiring internal repair work.<\/p><p><b>Sewage systems<\/b> \u2013 must be properly designed according to possible loads and installed in well-accessible places. Although the installation of a sewage system (sewage) may appear to be a completely simple task at first glance. However, without experience, unforgivable mistakes can be made - sewerage is laid without considering the soil and terrain, inappropriate materials and technology are chosen. Wasted precious time, damaged materials or equipment make the installation of a drainage system a loss. For these reasons, it is important not only to choose the optimal plumbing and drainage systems, but also to take care of their quality installation. Even the best equipment installed poorly will not guarantee a flawlessly functioning system.<\/p>\t\t\t\t\t\t\t\t<\/div>\n\t\t\t\t<\/div>\n\t\t\t\t<div class=\"elementor-element elementor-element-2770206 elementor-align-left elementor-tablet-align-left elementor-mobile-align-center elementor-widget elementor-widget-button\" data-id=\"2770206\" data-element_type=\"widget\" data-e-type=\"widget\" data-widget_type=\"button.default\">\n\t\t\t\t<div class=\"elementor-widget-container\">\n\t\t\t\t\t\t\t\t\t<div class=\"elementor-button-wrapper\">\n\t\t\t\t\t<a class=\"elementor-button elementor-button-link elementor-size-md\" href=\"https:\/\/santechnikosmontavimai.lt\/en\/kontaktai\/\">\n\t\t\t\t\t\t<span class=\"elementor-button-content-wrapper\">\n\t\t\t\t\t\t\t\t\t<span class=\"elementor-button-text\">Contact now<\/span>\n\t\t\t\t\t<\/span>\n\t\t\t\t\t<\/a>\n\t\t\t\t<\/div>\n\t\t\t\t\t\t\t\t<\/div>\n\t\t\t\t<\/div>\n\t\t\t\t\t<\/div>\n\t\t<\/div>\n\t\t\t\t<div class=\"elementor-column elementor-col-50 elementor-top-column elementor-element elementor-element-270df6b\" data-id=\"270df6b\" data-element_type=\"column\" data-e-type=\"column\">\n\t\t\t<div class=\"elementor-widget-wrap elementor-element-populated\">\n\t\t\t\t\t\t<div class=\"elementor-element elementor-element-88267c3 elementor-widget elementor-widget-image\" data-id=\"88267c3\" data-element_type=\"widget\" data-e-type=\"widget\" data-widget_type=\"image.default\">\n\t\t\t\t<div class=\"elementor-widget-container\">\n\t\t\t\t\t\t\t\t\t\t\t\t\t\t\t<img fetchpriority=\"high\" decoding=\"async\" width=\"390\" height=\"390\" src=\"https:\/\/santechnikosmontavimai.lt\/wp-content\/uploads\/2022\/10\/vandentiekio-nuoteku-sistemos.jpg\" class=\"attachment-large size-large wp-image-848\" alt=\"Vandentiekio ir nuotek\u0173 sistemos\" srcset=\"https:\/\/santechnikosmontavimai.lt\/wp-content\/uploads\/2022\/10\/vandentiekio-nuoteku-sistemos.jpg 390w, https:\/\/santechnikosmontavimai.lt\/wp-content\/uploads\/2022\/10\/vandentiekio-nuoteku-sistemos-300x300.jpg 300w, https:\/\/santechnikosmontavimai.lt\/wp-content\/uploads\/2022\/10\/vandentiekio-nuoteku-sistemos-100x100.jpg 100w, https:\/\/santechnikosmontavimai.lt\/wp-content\/uploads\/2022\/10\/vandentiekio-nuoteku-sistemos-150x150.jpg 150w, https:\/\/santechnikosmontavimai.lt\/wp-content\/uploads\/2022\/10\/vandentiekio-nuoteku-sistemos-12x12.jpg 12w\" sizes=\"(max-width: 390px) 100vw, 390px\" \/>\t\t\t\t\t\t\t\t\t\t\t\t\t\t\t<\/div>\n\t\t\t\t<\/div>\n\t\t\t\t\t<\/div>\n\t\t<\/div>\n\t\t\t\t\t<\/div>\n\t\t<\/section>\n\t\t\t\t<\/div>","protected":false},"excerpt":{"rendered":"<p>Vandentiekio ir nuotek\u0173 sistemos UAB \u201eSantechnikos montavimai\u201c Vandentiekio ir nuotek\u0173 sistemos Vandentiekis viena i\u0161 svarbiausi\u0173 komunikacij\u0173 bet kokio tipo pastatui. Itin svarbu kokybi\u0161kai \u012frengti tiek lauko, tiek ir vidaus vandentiek\u012f, kadangi nekokybi\u0161kai atlikti darbai gali sukelti mil\u017eini\u0161kus nuostolius ir i\u0161augusias vandens s\u0105skaitas, vidaus remonto darb\u0173 pareikalausian\u010dias avarijas. Nuotek\u0173 sistemos \u2013 turi b\u016bti tinkamai suprojektuotos pagal [&hellip;]<\/p>\n","protected":false},"author":1,"featured_media":848,"parent":0,"menu_order":0,"comment_status":"closed","ping_status":"closed","template":"","meta":{"site-sidebar-layout":"no-sidebar","site-content-layout":"page-builder","ast-site-content-layout":"default","site-content-style":"default","site-sidebar-style":"default","ast-global-header-display":"","ast-banner-title-visibility":"","ast-main-header-display":"","ast-hfb-above-header-display":"","ast-hfb-below-header-display":"","ast-hfb-mobile-header-display":"","site-post-title":"disabled","ast-breadcrumbs-content":"","ast-featured-img":"disabled","footer-sml-layout":"","theme-transparent-header-meta":"enabled","adv-header-id-meta":"","stick-header-meta":"","header-above-stick-meta":"","header-main-stick-meta":"","header-below-stick-meta":"","astra-migrate-meta-layouts":"default","ast-page-background-enabled":"default","ast-page-background-meta":{"desktop":{"background-color":"","background-image":"","background-repeat":"repeat","background-position":"center center","background-size":"auto","background-attachment":"scroll","background-type":"","background-media":"","overlay-type":"","overlay-color":"","overlay-opacity":"","overlay-gradient":""},"tablet":{"background-color":"","background-image":"","background-repeat":"repeat","background-position":"center center","background-size":"auto","background-attachment":"scroll","background-type":"","background-media":"","overlay-type":"","overlay-color":"","overlay-opacity":"","overlay-gradient":""},"mobile":{"background-color":"","background-image":"","background-repeat":"repeat","background-position":"center center","background-size":"auto","background-attachment":"scroll","background-type":"","background-media":"","overlay-type":"","overlay-color":"","overlay-opacity":"","overlay-gradient":""}},"ast-content-background-meta":{"desktop":{"background-color":"var(--ast-global-color-5)","background-image":"","background-repeat":"repeat","background-position":"center center","background-size":"auto","background-attachment":"scroll","background-type":"","background-media":"","overlay-type":"","overlay-color":"","overlay-opacity":"","overlay-gradient":""},"tablet":{"background-color":"var(--ast-global-color-5)","background-image":"","background-repeat":"repeat","background-position":"center center","background-size":"auto","background-attachment":"scroll","background-type":"","background-media":"","overlay-type":"","overlay-color":"","overlay-opacity":"","overlay-gradient":""},"mobile":{"background-color":"var(--ast-global-color-5)","background-image":"","background-repeat":"repeat","background-position":"center center","background-size":"auto","background-attachment":"scroll","background-type":"","background-media":"","overlay-type":"","overlay-color":"","overlay-opacity":"","overlay-gradient":""}},"footnotes":""},"class_list":["post-964","page","type-page","status-publish","has-post-thumbnail","hentry"],"yoast_head":"<!-- This site is optimized with the Yoast SEO plugin v27.4 - https:\/\/yoast.com\/product\/yoast-seo-wordpress\/ -->\n<title>Vandentiekio ir nuotek\u0173 sistemos<\/title>\n<meta name=\"description\" content=\"Pagelb\u0117sime su vandentiekio ir nuotek\u0173 sistemomis. Atliekame ir kitas santechnikos ir montavimo paslaugas.\" \/>\n<meta name=\"robots\" content=\"index, follow, max-snippet:-1, max-image-preview:large, max-video-preview:-1\" \/>\n<link rel=\"canonical\" href=\"https:\/\/santechnikosmontavimai.lt\/en\/vandentiekio-ir-nuoteku-sistemos\/\" \/>\n<meta property=\"og:locale\" content=\"en_GB\" \/>\n<meta property=\"og:type\" content=\"article\" \/>\n<meta property=\"og:title\" content=\"Vandentiekio ir nuotek\u0173 sistemos\" \/>\n<meta property=\"og:description\" content=\"Pagelb\u0117sime su vandentiekio ir nuotek\u0173 sistemomis. Atliekame ir kitas santechnikos ir montavimo paslaugas.\" \/>\n<meta property=\"og:url\" content=\"https:\/\/santechnikosmontavimai.lt\/en\/vandentiekio-ir-nuoteku-sistemos\/\" \/>\n<meta property=\"og:site_name\" content=\"Santechnikos montavimai\" \/>\n<meta property=\"article:publisher\" content=\"https:\/\/facebook.com\/Santechnikosmontavimai\" \/>\n<meta property=\"article:modified_time\" content=\"2023-01-08T21:48:13+00:00\" \/>\n<meta property=\"og:image\" content=\"https:\/\/santechnikosmontavimai.lt\/wp-content\/uploads\/2022\/10\/vandentiekio-nuoteku-sistemos.jpg\" \/>\n\t<meta property=\"og:image:width\" content=\"390\" \/>\n\t<meta property=\"og:image:height\" content=\"390\" \/>\n\t<meta property=\"og:image:type\" content=\"image\/jpeg\" \/>\n<meta name=\"twitter:card\" content=\"summary_large_image\" \/>\n<meta name=\"twitter:label1\" content=\"Estimated reading time\" \/>\n\t<meta name=\"twitter:data1\" content=\"1 minute\" \/>\n<script type=\"application\/ld+json\" class=\"yoast-schema-graph\">{\"@context\":\"https:\\\/\\\/schema.org\",\"@graph\":[{\"@type\":\"WebPage\",\"@id\":\"https:\\\/\\\/santechnikosmontavimai.lt\\\/vandentiekio-ir-nuoteku-sistemos\\\/\",\"url\":\"https:\\\/\\\/santechnikosmontavimai.lt\\\/vandentiekio-ir-nuoteku-sistemos\\\/\",\"name\":\"Vandentiekio ir nuotek\u0173 sistemos\",\"isPartOf\":{\"@id\":\"https:\\\/\\\/santechnikosmontavimai.lt\\\/#website\"},\"primaryImageOfPage\":{\"@id\":\"https:\\\/\\\/santechnikosmontavimai.lt\\\/vandentiekio-ir-nuoteku-sistemos\\\/#primaryimage\"},\"image\":{\"@id\":\"https:\\\/\\\/santechnikosmontavimai.lt\\\/vandentiekio-ir-nuoteku-sistemos\\\/#primaryimage\"},\"thumbnailUrl\":\"https:\\\/\\\/santechnikosmontavimai.lt\\\/wp-content\\\/uploads\\\/2022\\\/10\\\/vandentiekio-nuoteku-sistemos.jpg\",\"datePublished\":\"2022-11-13T11:43:21+00:00\",\"dateModified\":\"2023-01-08T21:48:13+00:00\",\"description\":\"Pagelb\u0117sime su vandentiekio ir nuotek\u0173 sistemomis. Atliekame ir kitas santechnikos ir montavimo paslaugas.\",\"breadcrumb\":{\"@id\":\"https:\\\/\\\/santechnikosmontavimai.lt\\\/vandentiekio-ir-nuoteku-sistemos\\\/#breadcrumb\"},\"inLanguage\":\"en-GB\",\"potentialAction\":[{\"@type\":\"ReadAction\",\"target\":[\"https:\\\/\\\/santechnikosmontavimai.lt\\\/vandentiekio-ir-nuoteku-sistemos\\\/\"]}]},{\"@type\":\"ImageObject\",\"inLanguage\":\"en-GB\",\"@id\":\"https:\\\/\\\/santechnikosmontavimai.lt\\\/vandentiekio-ir-nuoteku-sistemos\\\/#primaryimage\",\"url\":\"https:\\\/\\\/santechnikosmontavimai.lt\\\/wp-content\\\/uploads\\\/2022\\\/10\\\/vandentiekio-nuoteku-sistemos.jpg\",\"contentUrl\":\"https:\\\/\\\/santechnikosmontavimai.lt\\\/wp-content\\\/uploads\\\/2022\\\/10\\\/vandentiekio-nuoteku-sistemos.jpg\",\"width\":390,\"height\":390,\"caption\":\"Vandentiekio ir nuotek\u0173 sistemos\"},{\"@type\":\"BreadcrumbList\",\"@id\":\"https:\\\/\\\/santechnikosmontavimai.lt\\\/vandentiekio-ir-nuoteku-sistemos\\\/#breadcrumb\",\"itemListElement\":[{\"@type\":\"ListItem\",\"position\":1,\"name\":\"Home\",\"item\":\"https:\\\/\\\/santechnikosmontavimai.lt\\\/\"},{\"@type\":\"ListItem\",\"position\":2,\"name\":\"Vandentiekio ir nuotek\u0173 sistemos\"}]},{\"@type\":\"WebSite\",\"@id\":\"https:\\\/\\\/santechnikosmontavimai.lt\\\/#website\",\"url\":\"https:\\\/\\\/santechnikosmontavimai.lt\\\/\",\"name\":\"Santechnikos montavimai\",\"description\":\"Visos santechnikos paslaugos\",\"publisher\":{\"@id\":\"https:\\\/\\\/santechnikosmontavimai.lt\\\/#organization\"},\"potentialAction\":[{\"@type\":\"SearchAction\",\"target\":{\"@type\":\"EntryPoint\",\"urlTemplate\":\"https:\\\/\\\/santechnikosmontavimai.lt\\\/?s={search_term_string}\"},\"query-input\":{\"@type\":\"PropertyValueSpecification\",\"valueRequired\":true,\"valueName\":\"search_term_string\"}}],\"inLanguage\":\"en-GB\"},{\"@type\":\"Organization\",\"@id\":\"https:\\\/\\\/santechnikosmontavimai.lt\\\/#organization\",\"name\":\"Santechnikos montavimai\",\"url\":\"https:\\\/\\\/santechnikosmontavimai.lt\\\/\",\"logo\":{\"@type\":\"ImageObject\",\"inLanguage\":\"en-GB\",\"@id\":\"https:\\\/\\\/santechnikosmontavimai.lt\\\/#\\\/schema\\\/logo\\\/image\\\/\",\"url\":\"https:\\\/\\\/santechnikosmontavimai.lt\\\/wp-content\\\/uploads\\\/2022\\\/10\\\/logo.png\",\"contentUrl\":\"https:\\\/\\\/santechnikosmontavimai.lt\\\/wp-content\\\/uploads\\\/2022\\\/10\\\/logo.png\",\"width\":180,\"height\":166,\"caption\":\"Santechnikos montavimai\"},\"image\":{\"@id\":\"https:\\\/\\\/santechnikosmontavimai.lt\\\/#\\\/schema\\\/logo\\\/image\\\/\"},\"sameAs\":[\"https:\\\/\\\/facebook.com\\\/Santechnikosmontavimai\"]}]}<\/script>\n<!-- \/ Yoast SEO plugin. -->","yoast_head_json":{"title":"Water supply and sewage systems","description":"Pagelb\u0117sime su vandentiekio ir nuotek\u0173 sistemomis. Atliekame ir kitas santechnikos ir montavimo paslaugas.","robots":{"index":"index","follow":"follow","max-snippet":"max-snippet:-1","max-image-preview":"max-image-preview:large","max-video-preview":"max-video-preview:-1"},"canonical":"https:\/\/santechnikosmontavimai.lt\/en\/vandentiekio-ir-nuoteku-sistemos\/","og_locale":"en_GB","og_type":"article","og_title":"Vandentiekio ir nuotek\u0173 sistemos","og_description":"Pagelb\u0117sime su vandentiekio ir nuotek\u0173 sistemomis. Atliekame ir kitas santechnikos ir montavimo paslaugas.","og_url":"https:\/\/santechnikosmontavimai.lt\/en\/vandentiekio-ir-nuoteku-sistemos\/","og_site_name":"Santechnikos montavimai","article_publisher":"https:\/\/facebook.com\/Santechnikosmontavimai","article_modified_time":"2023-01-08T21:48:13+00:00","og_image":[{"width":390,"height":390,"url":"https:\/\/santechnikosmontavimai.lt\/wp-content\/uploads\/2022\/10\/vandentiekio-nuoteku-sistemos.jpg","type":"image\/jpeg"}],"twitter_card":"summary_large_image","twitter_misc":{"Estimated reading time":"1 minute"},"schema":{"@context":"https:\/\/schema.org","@graph":[{"@type":"WebPage","@id":"https:\/\/santechnikosmontavimai.lt\/vandentiekio-ir-nuoteku-sistemos\/","url":"https:\/\/santechnikosmontavimai.lt\/vandentiekio-ir-nuoteku-sistemos\/","name":"Water supply and sewage systems","isPartOf":{"@id":"https:\/\/santechnikosmontavimai.lt\/#website"},"primaryImageOfPage":{"@id":"https:\/\/santechnikosmontavimai.lt\/vandentiekio-ir-nuoteku-sistemos\/#primaryimage"},"image":{"@id":"https:\/\/santechnikosmontavimai.lt\/vandentiekio-ir-nuoteku-sistemos\/#primaryimage"},"thumbnailUrl":"https:\/\/santechnikosmontavimai.lt\/wp-content\/uploads\/2022\/10\/vandentiekio-nuoteku-sistemos.jpg","datePublished":"2022-11-13T11:43:21+00:00","dateModified":"2023-01-08T21:48:13+00:00","description":"Pagelb\u0117sime su vandentiekio ir nuotek\u0173 sistemomis. Atliekame ir kitas santechnikos ir montavimo paslaugas.","breadcrumb":{"@id":"https:\/\/santechnikosmontavimai.lt\/vandentiekio-ir-nuoteku-sistemos\/#breadcrumb"},"inLanguage":"en-GB","potentialAction":[{"@type":"ReadAction","target":["https:\/\/santechnikosmontavimai.lt\/vandentiekio-ir-nuoteku-sistemos\/"]}]},{"@type":"ImageObject","inLanguage":"en-GB","@id":"https:\/\/santechnikosmontavimai.lt\/vandentiekio-ir-nuoteku-sistemos\/#primaryimage","url":"https:\/\/santechnikosmontavimai.lt\/wp-content\/uploads\/2022\/10\/vandentiekio-nuoteku-sistemos.jpg","contentUrl":"https:\/\/santechnikosmontavimai.lt\/wp-content\/uploads\/2022\/10\/vandentiekio-nuoteku-sistemos.jpg","width":390,"height":390,"caption":"Vandentiekio ir nuotek\u0173 sistemos"},{"@type":"BreadcrumbList","@id":"https:\/\/santechnikosmontavimai.lt\/vandentiekio-ir-nuoteku-sistemos\/#breadcrumb","itemListElement":[{"@type":"ListItem","position":1,"name":"Home","item":"https:\/\/santechnikosmontavimai.lt\/"},{"@type":"ListItem","position":2,"name":"Vandentiekio ir nuotek\u0173 sistemos"}]},{"@type":"WebSite","@id":"https:\/\/santechnikosmontavimai.lt\/#website","url":"https:\/\/santechnikosmontavimai.lt\/","name":"Santechnikos montavimai","description":"All plumbing services","publisher":{"@id":"https:\/\/santechnikosmontavimai.lt\/#organization"},"potentialAction":[{"@type":"SearchAction","target":{"@type":"EntryPoint","urlTemplate":"https:\/\/santechnikosmontavimai.lt\/?s={search_term_string}"},"query-input":{"@type":"PropertyValueSpecification","valueRequired":true,"valueName":"search_term_string"}}],"inLanguage":"en-GB"},{"@type":"Organization","@id":"https:\/\/santechnikosmontavimai.lt\/#organization","name":"Santechnikos montavimai","url":"https:\/\/santechnikosmontavimai.lt\/","logo":{"@type":"ImageObject","inLanguage":"en-GB","@id":"https:\/\/santechnikosmontavimai.lt\/#\/schema\/logo\/image\/","url":"https:\/\/santechnikosmontavimai.lt\/wp-content\/uploads\/2022\/10\/logo.png","contentUrl":"https:\/\/santechnikosmontavimai.lt\/wp-content\/uploads\/2022\/10\/logo.png","width":180,"height":166,"caption":"Santechnikos montavimai"},"image":{"@id":"https:\/\/santechnikosmontavimai.lt\/#\/schema\/logo\/image\/"},"sameAs":["https:\/\/facebook.com\/Santechnikosmontavimai"]}]}},"_links":{"self":[{"href":"https:\/\/santechnikosmontavimai.lt\/en\/wp-json\/wp\/v2\/pages\/964","targetHints":{"allow":["GET"]}}],"collection":[{"href":"https:\/\/santechnikosmontavimai.lt\/en\/wp-json\/wp\/v2\/pages"}],"about":[{"href":"https:\/\/santechnikosmontavimai.lt\/en\/wp-json\/wp\/v2\/types\/page"}],"author":[{"embeddable":true,"href":"https:\/\/santechnikosmontavimai.lt\/en\/wp-json\/wp\/v2\/users\/1"}],"replies":[{"embeddable":true,"href":"https:\/\/santechnikosmontavimai.lt\/en\/wp-json\/wp\/v2\/comments?post=964"}],"version-history":[{"count":5,"href":"https:\/\/santechnikosmontavimai.lt\/en\/wp-json\/wp\/v2\/pages\/964\/revisions"}],"predecessor-version":[{"id":1176,"href":"https:\/\/santechnikosmontavimai.lt\/en\/wp-json\/wp\/v2\/pages\/964\/revisions\/1176"}],"wp:featuredmedia":[{"embeddable":true,"href":"https:\/\/santechnikosmontavimai.lt\/en\/wp-json\/wp\/v2\/media\/848"}],"wp:attachment":[{"href":"https:\/\/santechnikosmontavimai.lt\/en\/wp-json\/wp\/v2\/media?parent=964"}],"curies":[{"name":"wp","href":"https:\/\/api.w.org\/{rel}","templated":true}]}}