{"id":939,"date":"2022-11-13T11:19:37","date_gmt":"2022-11-13T11:19:37","guid":{"rendered":"https:\/\/santechnikosmontavimai.lt\/?page_id=939"},"modified":"2023-01-08T23:13:38","modified_gmt":"2023-01-08T21:13:38","slug":"dumtraukiu-montavimas","status":"publish","type":"page","link":"https:\/\/santechnikosmontavimai.lt\/en\/dumtraukiu-montavimas\/","title":{"rendered":"Installation of chimneys"},"content":{"rendered":"<div data-elementor-type=\"wp-post\" data-elementor-id=\"939\" class=\"elementor elementor-939\">\n\t\t\t\t\t\t<section class=\"elementor-section elementor-top-section elementor-element elementor-element-ba18039 elementor-section-content-bottom elementor-section-boxed elementor-section-height-default elementor-section-height-default\" data-id=\"ba18039\" data-element_type=\"section\" data-e-type=\"section\" data-settings=\"{&quot;background_background&quot;:&quot;classic&quot;}\">\n\t\t\t\t\t\t\t<div class=\"elementor-background-overlay\"><\/div>\n\t\t\t\t\t\t\t<div class=\"elementor-container elementor-column-gap-no\">\n\t\t\t\t\t<div class=\"elementor-column elementor-col-100 elementor-top-column elementor-element elementor-element-f4fe14c\" data-id=\"f4fe14c\" data-element_type=\"column\" data-e-type=\"column\">\n\t\t\t<div class=\"elementor-widget-wrap elementor-element-populated\">\n\t\t\t\t\t\t<div class=\"elementor-element elementor-element-08960a8 elementor-widget elementor-widget-heading\" data-id=\"08960a8\" data-element_type=\"widget\" data-e-type=\"widget\" data-widget_type=\"heading.default\">\n\t\t\t\t<div class=\"elementor-widget-container\">\n\t\t\t\t\t<h1 class=\"elementor-heading-title elementor-size-default\">Chimneys<\/h1>\t\t\t\t<\/div>\n\t\t\t\t<\/div>\n\t\t\t\t\t<\/div>\n\t\t<\/div>\n\t\t\t\t\t<\/div>\n\t\t<\/section>\n\t\t\t\t<section class=\"elementor-section elementor-top-section elementor-element elementor-element-25205b2 elementor-section-boxed elementor-section-height-default elementor-section-height-default\" data-id=\"25205b2\" data-element_type=\"section\" data-e-type=\"section\" data-settings=\"{&quot;background_background&quot;:&quot;classic&quot;}\">\n\t\t\t\t\t\t<div class=\"elementor-container elementor-column-gap-no\">\n\t\t\t\t\t<div class=\"elementor-column elementor-col-50 elementor-top-column elementor-element elementor-element-c2f159c\" data-id=\"c2f159c\" data-element_type=\"column\" data-e-type=\"column\">\n\t\t\t<div class=\"elementor-widget-wrap elementor-element-populated\">\n\t\t\t\t\t\t<div class=\"elementor-element elementor-element-fc4c6d4 elementor-widget elementor-widget-heading\" data-id=\"fc4c6d4\" data-element_type=\"widget\" data-e-type=\"widget\" data-widget_type=\"heading.default\">\n\t\t\t\t<div class=\"elementor-widget-container\">\n\t\t\t\t\t<h6 class=\"elementor-heading-title elementor-size-default\">Santechnikos montavimai, UAB<\/h6>\t\t\t\t<\/div>\n\t\t\t\t<\/div>\n\t\t\t\t<div class=\"elementor-element elementor-element-508f649 elementor-widget elementor-widget-heading\" data-id=\"508f649\" data-element_type=\"widget\" data-e-type=\"widget\" data-widget_type=\"heading.default\">\n\t\t\t\t<div class=\"elementor-widget-container\">\n\t\t\t\t\t<h2 class=\"elementor-heading-title elementor-size-default\">Installation of chimneys<\/h2>\t\t\t\t<\/div>\n\t\t\t\t<\/div>\n\t\t\t\t<div class=\"elementor-element elementor-element-0fa97ad elementor-widget elementor-widget-text-editor\" data-id=\"0fa97ad\" data-element_type=\"widget\" data-e-type=\"widget\" data-widget_type=\"text-editor.default\">\n\t\t\t\t<div class=\"elementor-widget-container\">\n\t\t\t\t\t\t\t\t\t<p>Installation of chimneys is one of the most responsible stages of building construction. Chimneys that are poorly installed, leaky and made of unsuitable materials can become the cause of poisoning or fire at any time. We will responsibly help you install a high-quality chimney.<\/p>\t\t\t\t\t\t\t\t<\/div>\n\t\t\t\t<\/div>\n\t\t\t\t<div class=\"elementor-element elementor-element-6035c36 elementor-widget elementor-widget-heading\" data-id=\"6035c36\" data-element_type=\"widget\" data-e-type=\"widget\" data-widget_type=\"heading.default\">\n\t\t\t\t<div class=\"elementor-widget-container\">\n\t\t\t\t\t<h6 class=\"elementor-heading-title elementor-size-default\">The durability of metal chimneys and flues depends on:<\/h6>\t\t\t\t<\/div>\n\t\t\t\t<\/div>\n\t\t\t\t<div class=\"elementor-element elementor-element-3d139bb elementor-icon-list--layout-traditional elementor-list-item-link-full_width elementor-widget elementor-widget-icon-list\" data-id=\"3d139bb\" data-element_type=\"widget\" data-e-type=\"widget\" data-widget_type=\"icon-list.default\">\n\t\t\t\t<div class=\"elementor-widget-container\">\n\t\t\t\t\t\t\t<ul class=\"elementor-icon-list-items\">\n\t\t\t\t\t\t\t<li class=\"elementor-icon-list-item\">\n\t\t\t\t\t\t\t\t\t\t\t<span class=\"elementor-icon-list-icon\">\n\t\t\t\t\t\t\t<i aria-hidden=\"true\" class=\"fas fa-check-circle\"><\/i>\t\t\t\t\t\t<\/span>\n\t\t\t\t\t\t\t\t\t\t<span class=\"elementor-icon-list-text\">Steel type<\/span>\n\t\t\t\t\t\t\t\t\t<\/li>\n\t\t\t\t\t\t\t\t<li class=\"elementor-icon-list-item\">\n\t\t\t\t\t\t\t\t\t\t\t<span class=\"elementor-icon-list-icon\">\n\t\t\t\t\t\t\t<i aria-hidden=\"true\" class=\"fas fa-check-circle\"><\/i>\t\t\t\t\t\t<\/span>\n\t\t\t\t\t\t\t\t\t\t<span class=\"elementor-icon-list-text\">Production quality<\/span>\n\t\t\t\t\t\t\t\t\t<\/li>\n\t\t\t\t\t\t\t\t<li class=\"elementor-icon-list-item\">\n\t\t\t\t\t\t\t\t\t\t\t<span class=\"elementor-icon-list-icon\">\n\t\t\t\t\t\t\t<i aria-hidden=\"true\" class=\"fas fa-check-circle\"><\/i>\t\t\t\t\t\t<\/span>\n\t\t\t\t\t\t\t\t\t\t<span class=\"elementor-icon-list-text\">Quality of installation work<\/span>\n\t\t\t\t\t\t\t\t\t<\/li>\n\t\t\t\t\t\t\t\t<li class=\"elementor-icon-list-item\">\n\t\t\t\t\t\t\t\t\t\t\t<span class=\"elementor-icon-list-icon\">\n\t\t\t\t\t\t\t<i aria-hidden=\"true\" class=\"fas fa-check-circle\"><\/i>\t\t\t\t\t\t<\/span>\n\t\t\t\t\t\t\t\t\t\t<span class=\"elementor-icon-list-text\">Choosing the right chimney for the heating device<\/span>\n\t\t\t\t\t\t\t\t\t<\/li>\n\t\t\t\t\t\t<\/ul>\n\t\t\t\t\t\t<\/div>\n\t\t\t\t<\/div>\n\t\t\t\t<div class=\"elementor-element elementor-element-08debf7 elementor-widget elementor-widget-text-editor\" data-id=\"08debf7\" data-element_type=\"widget\" data-e-type=\"widget\" data-widget_type=\"text-editor.default\">\n\t\t\t\t<div class=\"elementor-widget-container\">\n\t\t\t\t\t\t\t\t\t<p>We will ensure that your chimney is of high quality and long-lasting, we will provide a professional and high-quality installation service.<\/p>\t\t\t\t\t\t\t\t<\/div>\n\t\t\t\t<\/div>\n\t\t\t\t<div class=\"elementor-element elementor-element-509ae4c elementor-align-left elementor-tablet-align-left elementor-mobile-align-center elementor-widget elementor-widget-button\" data-id=\"509ae4c\" data-element_type=\"widget\" data-e-type=\"widget\" data-widget_type=\"button.default\">\n\t\t\t\t<div class=\"elementor-widget-container\">\n\t\t\t\t\t\t\t\t\t<div class=\"elementor-button-wrapper\">\n\t\t\t\t\t<a class=\"elementor-button elementor-button-link elementor-size-md\" href=\"https:\/\/santechnikosmontavimai.lt\/en\/kontaktai\/\">\n\t\t\t\t\t\t<span class=\"elementor-button-content-wrapper\">\n\t\t\t\t\t\t\t\t\t<span class=\"elementor-button-text\">Contact now<\/span>\n\t\t\t\t\t<\/span>\n\t\t\t\t\t<\/a>\n\t\t\t\t<\/div>\n\t\t\t\t\t\t\t\t<\/div>\n\t\t\t\t<\/div>\n\t\t\t\t\t<\/div>\n\t\t<\/div>\n\t\t\t\t<div class=\"elementor-column elementor-col-50 elementor-top-column elementor-element elementor-element-270df6b\" data-id=\"270df6b\" data-element_type=\"column\" data-e-type=\"column\">\n\t\t\t<div class=\"elementor-widget-wrap elementor-element-populated\">\n\t\t\t\t\t\t<div class=\"elementor-element elementor-element-88267c3 elementor-widget elementor-widget-image\" data-id=\"88267c3\" data-element_type=\"widget\" data-e-type=\"widget\" data-widget_type=\"image.default\">\n\t\t\t\t<div class=\"elementor-widget-container\">\n\t\t\t\t\t\t\t\t\t\t\t\t\t\t\t<img fetchpriority=\"high\" decoding=\"async\" width=\"390\" height=\"390\" src=\"https:\/\/santechnikosmontavimai.lt\/wp-content\/uploads\/2022\/10\/kaminu-ideklu-montavimas.jpg\" class=\"attachment-large size-large wp-image-850\" alt=\"D\u016bmtrauki\u0173 montavimas\" srcset=\"https:\/\/santechnikosmontavimai.lt\/wp-content\/uploads\/2022\/10\/kaminu-ideklu-montavimas.jpg 390w, https:\/\/santechnikosmontavimai.lt\/wp-content\/uploads\/2022\/10\/kaminu-ideklu-montavimas-300x300.jpg 300w, https:\/\/santechnikosmontavimai.lt\/wp-content\/uploads\/2022\/10\/kaminu-ideklu-montavimas-100x100.jpg 100w, https:\/\/santechnikosmontavimai.lt\/wp-content\/uploads\/2022\/10\/kaminu-ideklu-montavimas-150x150.jpg 150w, https:\/\/santechnikosmontavimai.lt\/wp-content\/uploads\/2022\/10\/kaminu-ideklu-montavimas-12x12.jpg 12w\" sizes=\"(max-width: 390px) 100vw, 390px\" \/>\t\t\t\t\t\t\t\t\t\t\t\t\t\t\t<\/div>\n\t\t\t\t<\/div>\n\t\t\t\t\t<\/div>\n\t\t<\/div>\n\t\t\t\t\t<\/div>\n\t\t<\/section>\n\t\t\t\t<\/div>","protected":false},"excerpt":{"rendered":"<p>D\u016bmtraukiai UAB \u201eSantechnikos montavimai\u201c D\u016bmtrauki\u0173 montavimas D\u016bmtrauki\u0173 montavimas \u2013 vienas atsakingiausi\u0173 pastato statybos etap\u0173. Blogai \u012frengti, nesandar\u016bs ir i\u0161 netinkam\u0173 med\u017eiag\u0173 pagaminti d\u016bmtraukiai bet kada gali tapti apsinuodijimo ar gaisro prie\u017eastimi. Mes Jums atsakingai pad\u0117sime \u012fsirengti kokybi\u0161k\u0105 d\u016bmtrauk\u012f. Metalini\u0173 d\u016bmtrauki\u0173 ir d\u016bmtaki\u0173 ilgaam\u017ei\u0161kumas priklauso nuo: Plieno r\u016b\u0161ies Gamybos kokyb\u0117s Montavimo darb\u0173 kokyb\u0117s Tinkamo d\u016bmtraukio parinkimo [&hellip;]<\/p>\n","protected":false},"author":1,"featured_media":850,"parent":0,"menu_order":0,"comment_status":"closed","ping_status":"closed","template":"","meta":{"site-sidebar-layout":"no-sidebar","site-content-layout":"page-builder","ast-site-content-layout":"default","site-content-style":"default","site-sidebar-style":"default","ast-global-header-display":"","ast-banner-title-visibility":"","ast-main-header-display":"","ast-hfb-above-header-display":"","ast-hfb-below-header-display":"","ast-hfb-mobile-header-display":"","site-post-title":"disabled","ast-breadcrumbs-content":"","ast-featured-img":"disabled","footer-sml-layout":"","theme-transparent-header-meta":"enabled","adv-header-id-meta":"","stick-header-meta":"","header-above-stick-meta":"","header-main-stick-meta":"","header-below-stick-meta":"","astra-migrate-meta-layouts":"default","ast-page-background-enabled":"default","ast-page-background-meta":{"desktop":{"background-color":"","background-image":"","background-repeat":"repeat","background-position":"center center","background-size":"auto","background-attachment":"scroll","background-type":"","background-media":"","overlay-type":"","overlay-color":"","overlay-opacity":"","overlay-gradient":""},"tablet":{"background-color":"","background-image":"","background-repeat":"repeat","background-position":"center center","background-size":"auto","background-attachment":"scroll","background-type":"","background-media":"","overlay-type":"","overlay-color":"","overlay-opacity":"","overlay-gradient":""},"mobile":{"background-color":"","background-image":"","background-repeat":"repeat","background-position":"center center","background-size":"auto","background-attachment":"scroll","background-type":"","background-media":"","overlay-type":"","overlay-color":"","overlay-opacity":"","overlay-gradient":""}},"ast-content-background-meta":{"desktop":{"background-color":"var(--ast-global-color-5)","background-image":"","background-repeat":"repeat","background-position":"center center","background-size":"auto","background-attachment":"scroll","background-type":"","background-media":"","overlay-type":"","overlay-color":"","overlay-opacity":"","overlay-gradient":""},"tablet":{"background-color":"var(--ast-global-color-5)","background-image":"","background-repeat":"repeat","background-position":"center center","background-size":"auto","background-attachment":"scroll","background-type":"","background-media":"","overlay-type":"","overlay-color":"","overlay-opacity":"","overlay-gradient":""},"mobile":{"background-color":"var(--ast-global-color-5)","background-image":"","background-repeat":"repeat","background-position":"center center","background-size":"auto","background-attachment":"scroll","background-type":"","background-media":"","overlay-type":"","overlay-color":"","overlay-opacity":"","overlay-gradient":""}},"footnotes":""},"class_list":["post-939","page","type-page","status-publish","has-post-thumbnail","hentry"],"yoast_head":"<!-- This site is optimized with the Yoast SEO plugin v27.4 - https:\/\/yoast.com\/product\/yoast-seo-wordpress\/ -->\n<title>D\u016bmtrauki\u0173 montavimas \u2013 UAB \u201eSantechnikos montavimai\u201c<\/title>\n<meta name=\"description\" content=\"Blogai \u012frengti, nesandar\u016bs, i\u0161 netinkam\u0173 med\u017eiag\u0173 pagaminti d\u016bmtraukiai gali tapti apsinuodijimo ar gaisro prie\u017eastimi. Mes Jums pad\u0117sime.\" \/>\n<meta name=\"robots\" content=\"index, follow, max-snippet:-1, max-image-preview:large, max-video-preview:-1\" \/>\n<link rel=\"canonical\" href=\"https:\/\/santechnikosmontavimai.lt\/en\/dumtraukiu-montavimas\/\" \/>\n<meta property=\"og:locale\" content=\"en_GB\" \/>\n<meta property=\"og:type\" content=\"article\" \/>\n<meta property=\"og:title\" content=\"D\u016bmtrauki\u0173 montavimas \u2013 UAB \u201eSantechnikos montavimai\u201c\" \/>\n<meta property=\"og:description\" content=\"Blogai \u012frengti, nesandar\u016bs, i\u0161 netinkam\u0173 med\u017eiag\u0173 pagaminti d\u016bmtraukiai gali tapti apsinuodijimo ar gaisro prie\u017eastimi. Mes Jums pad\u0117sime.\" \/>\n<meta property=\"og:url\" content=\"https:\/\/santechnikosmontavimai.lt\/en\/dumtraukiu-montavimas\/\" \/>\n<meta property=\"og:site_name\" content=\"Santechnikos montavimai\" \/>\n<meta property=\"article:publisher\" content=\"https:\/\/facebook.com\/Santechnikosmontavimai\" \/>\n<meta property=\"article:modified_time\" content=\"2023-01-08T21:13:38+00:00\" \/>\n<meta property=\"og:image\" content=\"https:\/\/santechnikosmontavimai.lt\/wp-content\/uploads\/2022\/10\/kaminu-ideklu-montavimas.jpg\" \/>\n\t<meta property=\"og:image:width\" content=\"390\" \/>\n\t<meta property=\"og:image:height\" content=\"390\" \/>\n\t<meta property=\"og:image:type\" content=\"image\/jpeg\" \/>\n<meta name=\"twitter:card\" content=\"summary_large_image\" \/>\n<meta name=\"twitter:label1\" content=\"Estimated reading time\" \/>\n\t<meta name=\"twitter:data1\" content=\"1 minute\" \/>\n<script type=\"application\/ld+json\" class=\"yoast-schema-graph\">{\"@context\":\"https:\\\/\\\/schema.org\",\"@graph\":[{\"@type\":\"WebPage\",\"@id\":\"https:\\\/\\\/santechnikosmontavimai.lt\\\/dumtraukiu-montavimas\\\/\",\"url\":\"https:\\\/\\\/santechnikosmontavimai.lt\\\/dumtraukiu-montavimas\\\/\",\"name\":\"D\u016bmtrauki\u0173 montavimas \u2013 UAB \u201eSantechnikos montavimai\u201c\",\"isPartOf\":{\"@id\":\"https:\\\/\\\/santechnikosmontavimai.lt\\\/#website\"},\"primaryImageOfPage\":{\"@id\":\"https:\\\/\\\/santechnikosmontavimai.lt\\\/dumtraukiu-montavimas\\\/#primaryimage\"},\"image\":{\"@id\":\"https:\\\/\\\/santechnikosmontavimai.lt\\\/dumtraukiu-montavimas\\\/#primaryimage\"},\"thumbnailUrl\":\"https:\\\/\\\/santechnikosmontavimai.lt\\\/wp-content\\\/uploads\\\/2022\\\/10\\\/kaminu-ideklu-montavimas.jpg\",\"datePublished\":\"2022-11-13T11:19:37+00:00\",\"dateModified\":\"2023-01-08T21:13:38+00:00\",\"description\":\"Blogai \u012frengti, nesandar\u016bs, i\u0161 netinkam\u0173 med\u017eiag\u0173 pagaminti d\u016bmtraukiai gali tapti apsinuodijimo ar gaisro prie\u017eastimi. Mes Jums pad\u0117sime.\",\"breadcrumb\":{\"@id\":\"https:\\\/\\\/santechnikosmontavimai.lt\\\/dumtraukiu-montavimas\\\/#breadcrumb\"},\"inLanguage\":\"en-GB\",\"potentialAction\":[{\"@type\":\"ReadAction\",\"target\":[\"https:\\\/\\\/santechnikosmontavimai.lt\\\/dumtraukiu-montavimas\\\/\"]}]},{\"@type\":\"ImageObject\",\"inLanguage\":\"en-GB\",\"@id\":\"https:\\\/\\\/santechnikosmontavimai.lt\\\/dumtraukiu-montavimas\\\/#primaryimage\",\"url\":\"https:\\\/\\\/santechnikosmontavimai.lt\\\/wp-content\\\/uploads\\\/2022\\\/10\\\/kaminu-ideklu-montavimas.jpg\",\"contentUrl\":\"https:\\\/\\\/santechnikosmontavimai.lt\\\/wp-content\\\/uploads\\\/2022\\\/10\\\/kaminu-ideklu-montavimas.jpg\",\"width\":390,\"height\":390,\"caption\":\"D\u016bmtrauki\u0173 montavimas\"},{\"@type\":\"BreadcrumbList\",\"@id\":\"https:\\\/\\\/santechnikosmontavimai.lt\\\/dumtraukiu-montavimas\\\/#breadcrumb\",\"itemListElement\":[{\"@type\":\"ListItem\",\"position\":1,\"name\":\"Home\",\"item\":\"https:\\\/\\\/santechnikosmontavimai.lt\\\/\"},{\"@type\":\"ListItem\",\"position\":2,\"name\":\"D\u016bmtrauki\u0173 montavimas\"}]},{\"@type\":\"WebSite\",\"@id\":\"https:\\\/\\\/santechnikosmontavimai.lt\\\/#website\",\"url\":\"https:\\\/\\\/santechnikosmontavimai.lt\\\/\",\"name\":\"Santechnikos montavimai\",\"description\":\"Visos santechnikos paslaugos\",\"publisher\":{\"@id\":\"https:\\\/\\\/santechnikosmontavimai.lt\\\/#organization\"},\"potentialAction\":[{\"@type\":\"SearchAction\",\"target\":{\"@type\":\"EntryPoint\",\"urlTemplate\":\"https:\\\/\\\/santechnikosmontavimai.lt\\\/?s={search_term_string}\"},\"query-input\":{\"@type\":\"PropertyValueSpecification\",\"valueRequired\":true,\"valueName\":\"search_term_string\"}}],\"inLanguage\":\"en-GB\"},{\"@type\":\"Organization\",\"@id\":\"https:\\\/\\\/santechnikosmontavimai.lt\\\/#organization\",\"name\":\"Santechnikos montavimai\",\"url\":\"https:\\\/\\\/santechnikosmontavimai.lt\\\/\",\"logo\":{\"@type\":\"ImageObject\",\"inLanguage\":\"en-GB\",\"@id\":\"https:\\\/\\\/santechnikosmontavimai.lt\\\/#\\\/schema\\\/logo\\\/image\\\/\",\"url\":\"https:\\\/\\\/santechnikosmontavimai.lt\\\/wp-content\\\/uploads\\\/2022\\\/10\\\/logo.png\",\"contentUrl\":\"https:\\\/\\\/santechnikosmontavimai.lt\\\/wp-content\\\/uploads\\\/2022\\\/10\\\/logo.png\",\"width\":180,\"height\":166,\"caption\":\"Santechnikos montavimai\"},\"image\":{\"@id\":\"https:\\\/\\\/santechnikosmontavimai.lt\\\/#\\\/schema\\\/logo\\\/image\\\/\"},\"sameAs\":[\"https:\\\/\\\/facebook.com\\\/Santechnikosmontavimai\"]}]}<\/script>\n<!-- \/ Yoast SEO plugin. -->","yoast_head_json":{"title":"D\u016bmtrauki\u0173 montavimas \u2013 UAB \u201eSantechnikos montavimai\u201c","description":"Blogai \u012frengti, nesandar\u016bs, i\u0161 netinkam\u0173 med\u017eiag\u0173 pagaminti d\u016bmtraukiai gali tapti apsinuodijimo ar gaisro prie\u017eastimi. Mes Jums pad\u0117sime.","robots":{"index":"index","follow":"follow","max-snippet":"max-snippet:-1","max-image-preview":"max-image-preview:large","max-video-preview":"max-video-preview:-1"},"canonical":"https:\/\/santechnikosmontavimai.lt\/en\/dumtraukiu-montavimas\/","og_locale":"en_GB","og_type":"article","og_title":"D\u016bmtrauki\u0173 montavimas \u2013 UAB \u201eSantechnikos montavimai\u201c","og_description":"Blogai \u012frengti, nesandar\u016bs, i\u0161 netinkam\u0173 med\u017eiag\u0173 pagaminti d\u016bmtraukiai gali tapti apsinuodijimo ar gaisro prie\u017eastimi. Mes Jums pad\u0117sime.","og_url":"https:\/\/santechnikosmontavimai.lt\/en\/dumtraukiu-montavimas\/","og_site_name":"Santechnikos montavimai","article_publisher":"https:\/\/facebook.com\/Santechnikosmontavimai","article_modified_time":"2023-01-08T21:13:38+00:00","og_image":[{"width":390,"height":390,"url":"https:\/\/santechnikosmontavimai.lt\/wp-content\/uploads\/2022\/10\/kaminu-ideklu-montavimas.jpg","type":"image\/jpeg"}],"twitter_card":"summary_large_image","twitter_misc":{"Estimated reading time":"1 minute"},"schema":{"@context":"https:\/\/schema.org","@graph":[{"@type":"WebPage","@id":"https:\/\/santechnikosmontavimai.lt\/dumtraukiu-montavimas\/","url":"https:\/\/santechnikosmontavimai.lt\/dumtraukiu-montavimas\/","name":"D\u016bmtrauki\u0173 montavimas \u2013 UAB \u201eSantechnikos montavimai\u201c","isPartOf":{"@id":"https:\/\/santechnikosmontavimai.lt\/#website"},"primaryImageOfPage":{"@id":"https:\/\/santechnikosmontavimai.lt\/dumtraukiu-montavimas\/#primaryimage"},"image":{"@id":"https:\/\/santechnikosmontavimai.lt\/dumtraukiu-montavimas\/#primaryimage"},"thumbnailUrl":"https:\/\/santechnikosmontavimai.lt\/wp-content\/uploads\/2022\/10\/kaminu-ideklu-montavimas.jpg","datePublished":"2022-11-13T11:19:37+00:00","dateModified":"2023-01-08T21:13:38+00:00","description":"Blogai \u012frengti, nesandar\u016bs, i\u0161 netinkam\u0173 med\u017eiag\u0173 pagaminti d\u016bmtraukiai gali tapti apsinuodijimo ar gaisro prie\u017eastimi. Mes Jums pad\u0117sime.","breadcrumb":{"@id":"https:\/\/santechnikosmontavimai.lt\/dumtraukiu-montavimas\/#breadcrumb"},"inLanguage":"en-GB","potentialAction":[{"@type":"ReadAction","target":["https:\/\/santechnikosmontavimai.lt\/dumtraukiu-montavimas\/"]}]},{"@type":"ImageObject","inLanguage":"en-GB","@id":"https:\/\/santechnikosmontavimai.lt\/dumtraukiu-montavimas\/#primaryimage","url":"https:\/\/santechnikosmontavimai.lt\/wp-content\/uploads\/2022\/10\/kaminu-ideklu-montavimas.jpg","contentUrl":"https:\/\/santechnikosmontavimai.lt\/wp-content\/uploads\/2022\/10\/kaminu-ideklu-montavimas.jpg","width":390,"height":390,"caption":"D\u016bmtrauki\u0173 montavimas"},{"@type":"BreadcrumbList","@id":"https:\/\/santechnikosmontavimai.lt\/dumtraukiu-montavimas\/#breadcrumb","itemListElement":[{"@type":"ListItem","position":1,"name":"Home","item":"https:\/\/santechnikosmontavimai.lt\/"},{"@type":"ListItem","position":2,"name":"D\u016bmtrauki\u0173 montavimas"}]},{"@type":"WebSite","@id":"https:\/\/santechnikosmontavimai.lt\/#website","url":"https:\/\/santechnikosmontavimai.lt\/","name":"Santechnikos montavimai","description":"All plumbing services","publisher":{"@id":"https:\/\/santechnikosmontavimai.lt\/#organization"},"potentialAction":[{"@type":"SearchAction","target":{"@type":"EntryPoint","urlTemplate":"https:\/\/santechnikosmontavimai.lt\/?s={search_term_string}"},"query-input":{"@type":"PropertyValueSpecification","valueRequired":true,"valueName":"search_term_string"}}],"inLanguage":"en-GB"},{"@type":"Organization","@id":"https:\/\/santechnikosmontavimai.lt\/#organization","name":"Santechnikos montavimai","url":"https:\/\/santechnikosmontavimai.lt\/","logo":{"@type":"ImageObject","inLanguage":"en-GB","@id":"https:\/\/santechnikosmontavimai.lt\/#\/schema\/logo\/image\/","url":"https:\/\/santechnikosmontavimai.lt\/wp-content\/uploads\/2022\/10\/logo.png","contentUrl":"https:\/\/santechnikosmontavimai.lt\/wp-content\/uploads\/2022\/10\/logo.png","width":180,"height":166,"caption":"Santechnikos montavimai"},"image":{"@id":"https:\/\/santechnikosmontavimai.lt\/#\/schema\/logo\/image\/"},"sameAs":["https:\/\/facebook.com\/Santechnikosmontavimai"]}]}},"_links":{"self":[{"href":"https:\/\/santechnikosmontavimai.lt\/en\/wp-json\/wp\/v2\/pages\/939","targetHints":{"allow":["GET"]}}],"collection":[{"href":"https:\/\/santechnikosmontavimai.lt\/en\/wp-json\/wp\/v2\/pages"}],"about":[{"href":"https:\/\/santechnikosmontavimai.lt\/en\/wp-json\/wp\/v2\/types\/page"}],"author":[{"embeddable":true,"href":"https:\/\/santechnikosmontavimai.lt\/en\/wp-json\/wp\/v2\/users\/1"}],"replies":[{"embeddable":true,"href":"https:\/\/santechnikosmontavimai.lt\/en\/wp-json\/wp\/v2\/comments?post=939"}],"version-history":[{"count":17,"href":"https:\/\/santechnikosmontavimai.lt\/en\/wp-json\/wp\/v2\/pages\/939\/revisions"}],"predecessor-version":[{"id":1166,"href":"https:\/\/santechnikosmontavimai.lt\/en\/wp-json\/wp\/v2\/pages\/939\/revisions\/1166"}],"wp:featuredmedia":[{"embeddable":true,"href":"https:\/\/santechnikosmontavimai.lt\/en\/wp-json\/wp\/v2\/media\/850"}],"wp:attachment":[{"href":"https:\/\/santechnikosmontavimai.lt\/en\/wp-json\/wp\/v2\/media?parent=939"}],"curies":[{"name":"wp","href":"https:\/\/api.w.org\/{rel}","templated":true}]}}