{"id":719,"date":"2022-10-17T23:33:11","date_gmt":"2022-10-17T23:33:11","guid":{"rendered":"https:\/\/santechnikosmontavimai.lt\/?page_id=719"},"modified":"2023-01-08T23:15:54","modified_gmt":"2023-01-08T21:15:54","slug":"karjera","status":"publish","type":"page","link":"https:\/\/santechnikosmontavimai.lt\/en\/karjera\/","title":{"rendered":"Career"},"content":{"rendered":"<div data-elementor-type=\"wp-post\" data-elementor-id=\"719\" class=\"elementor elementor-719\">\n\t\t\t\t\t\t<section class=\"elementor-section elementor-top-section elementor-element elementor-element-ba18039 elementor-section-content-bottom elementor-section-boxed elementor-section-height-default elementor-section-height-default\" data-id=\"ba18039\" data-element_type=\"section\" data-e-type=\"section\" data-settings=\"{&quot;background_background&quot;:&quot;classic&quot;}\">\n\t\t\t\t\t\t\t<div class=\"elementor-background-overlay\"><\/div>\n\t\t\t\t\t\t\t<div class=\"elementor-container elementor-column-gap-no\">\n\t\t\t\t\t<div class=\"elementor-column elementor-col-100 elementor-top-column elementor-element elementor-element-f4fe14c\" data-id=\"f4fe14c\" data-element_type=\"column\" data-e-type=\"column\">\n\t\t\t<div class=\"elementor-widget-wrap elementor-element-populated\">\n\t\t\t\t\t\t<div class=\"elementor-element elementor-element-08960a8 elementor-widget elementor-widget-heading\" data-id=\"08960a8\" data-element_type=\"widget\" data-e-type=\"widget\" data-widget_type=\"heading.default\">\n\t\t\t\t<div class=\"elementor-widget-container\">\n\t\t\t\t\t<h1 class=\"elementor-heading-title elementor-size-default\">Career<\/h1>\t\t\t\t<\/div>\n\t\t\t\t<\/div>\n\t\t\t\t\t<\/div>\n\t\t<\/div>\n\t\t\t\t\t<\/div>\n\t\t<\/section>\n\t\t\t\t<section class=\"elementor-section elementor-top-section elementor-element elementor-element-25205b2 elementor-section-boxed elementor-section-height-default elementor-section-height-default\" data-id=\"25205b2\" data-element_type=\"section\" data-e-type=\"section\" data-settings=\"{&quot;background_background&quot;:&quot;classic&quot;}\">\n\t\t\t\t\t\t<div class=\"elementor-container elementor-column-gap-no\">\n\t\t\t\t\t<div class=\"elementor-column elementor-col-50 elementor-top-column elementor-element elementor-element-c2f159c\" data-id=\"c2f159c\" data-element_type=\"column\" data-e-type=\"column\">\n\t\t\t<div class=\"elementor-widget-wrap elementor-element-populated\">\n\t\t\t\t\t\t<div class=\"elementor-element elementor-element-fc4c6d4 elementor-widget elementor-widget-heading\" data-id=\"fc4c6d4\" data-element_type=\"widget\" data-e-type=\"widget\" data-widget_type=\"heading.default\">\n\t\t\t\t<div class=\"elementor-widget-container\">\n\t\t\t\t\t<h6 class=\"elementor-heading-title elementor-size-default\">Santechnikos montavimai, UAB<\/h6>\t\t\t\t<\/div>\n\t\t\t\t<\/div>\n\t\t\t\t<div class=\"elementor-element elementor-element-508f649 elementor-widget elementor-widget-heading\" data-id=\"508f649\" data-element_type=\"widget\" data-e-type=\"widget\" data-widget_type=\"heading.default\">\n\t\t\t\t<div class=\"elementor-widget-container\">\n\t\t\t\t\t<h2 class=\"elementor-heading-title elementor-size-default\">Career with us<\/h2>\t\t\t\t<\/div>\n\t\t\t\t<\/div>\n\t\t\t\t<div class=\"elementor-element elementor-element-0fa97ad elementor-widget elementor-widget-text-editor\" data-id=\"0fa97ad\" data-element_type=\"widget\" data-e-type=\"widget\" data-widget_type=\"text-editor.default\">\n\t\t\t\t<div class=\"elementor-widget-container\">\n\t\t\t\t\t\t\t\t\t<p>If you are interested in the opportunity to work for Santechnikos montavimais, UAB, send us your CV by e-mail by post <a href=\"mailto:info@santechnikosmontavimai.lt\">info@santechnikosmontavimai.lt<\/a>. When we have job offers that interest you, we will contact you.<\/p><p>Our activities include heating systems, ventilation, cooling, sewerage, water supply, design and sales.<\/p>\t\t\t\t\t\t\t\t<\/div>\n\t\t\t\t<\/div>\n\t\t\t\t<div class=\"elementor-element elementor-element-509ae4c elementor-align-left elementor-tablet-align-left elementor-mobile-align-left elementor-widget elementor-widget-button\" data-id=\"509ae4c\" data-element_type=\"widget\" data-e-type=\"widget\" data-widget_type=\"button.default\">\n\t\t\t\t<div class=\"elementor-widget-container\">\n\t\t\t\t\t\t\t\t\t<div class=\"elementor-button-wrapper\">\n\t\t\t\t\t<a class=\"elementor-button elementor-button-link elementor-size-md\" href=\"https:\/\/santechnikosmontavimai.lt\/en\/apie-mus\/\">\n\t\t\t\t\t\t<span class=\"elementor-button-content-wrapper\">\n\t\t\t\t\t\t\t\t\t<span class=\"elementor-button-text\">About us<\/span>\n\t\t\t\t\t<\/span>\n\t\t\t\t\t<\/a>\n\t\t\t\t<\/div>\n\t\t\t\t\t\t\t\t<\/div>\n\t\t\t\t<\/div>\n\t\t\t\t\t<\/div>\n\t\t<\/div>\n\t\t\t\t<div class=\"elementor-column elementor-col-50 elementor-top-column elementor-element elementor-element-270df6b\" data-id=\"270df6b\" data-element_type=\"column\" data-e-type=\"column\">\n\t\t\t<div class=\"elementor-widget-wrap elementor-element-populated\">\n\t\t\t\t\t\t<div class=\"elementor-element elementor-element-88267c3 elementor-widget elementor-widget-image\" data-id=\"88267c3\" data-element_type=\"widget\" data-e-type=\"widget\" data-widget_type=\"image.default\">\n\t\t\t\t<div class=\"elementor-widget-container\">\n\t\t\t\t\t\t\t\t\t\t\t\t\t\t\t<img fetchpriority=\"high\" decoding=\"async\" width=\"1024\" height=\"683\" src=\"https:\/\/santechnikosmontavimai.lt\/wp-content\/uploads\/2022\/10\/santechnikos-karjera-1024x683.jpg\" class=\"attachment-large size-large wp-image-723\" alt=\"Karjera su mumis \u2013 Santechnikos montavimai\" srcset=\"https:\/\/santechnikosmontavimai.lt\/wp-content\/uploads\/2022\/10\/santechnikos-karjera-1024x683.jpg 1024w, https:\/\/santechnikosmontavimai.lt\/wp-content\/uploads\/2022\/10\/santechnikos-karjera-600x400.jpg 600w, https:\/\/santechnikosmontavimai.lt\/wp-content\/uploads\/2022\/10\/santechnikos-karjera-300x200.jpg 300w, https:\/\/santechnikosmontavimai.lt\/wp-content\/uploads\/2022\/10\/santechnikos-karjera-768x512.jpg 768w, https:\/\/santechnikosmontavimai.lt\/wp-content\/uploads\/2022\/10\/santechnikos-karjera-1536x1024.jpg 1536w, https:\/\/santechnikosmontavimai.lt\/wp-content\/uploads\/2022\/10\/santechnikos-karjera-18x12.jpg 18w, https:\/\/santechnikosmontavimai.lt\/wp-content\/uploads\/2022\/10\/santechnikos-karjera.jpg 1980w\" sizes=\"(max-width: 1024px) 100vw, 1024px\" \/>\t\t\t\t\t\t\t\t\t\t\t\t\t\t\t<\/div>\n\t\t\t\t<\/div>\n\t\t\t\t\t<\/div>\n\t\t<\/div>\n\t\t\t\t\t<\/div>\n\t\t<\/section>\n\t\t\t\t<\/div>","protected":false},"excerpt":{"rendered":"<p>Karjera UAB \u201eSantechnikos montavimai\u201c Karjera su mumis Jei Jus domina galimyb\u0117 dirbti UAB \u201eSantechnikos montavimai\u201c, atsi\u0173skite mums savo CV el. pa\u0161tu info@santechnikosmontavimai.lt. Kai tur\u0117sime Jus dominan\u010di\u0173 darbo pasi\u016blym\u0173, susisieksime su Jumis. M\u016bs\u0173 veikla \u2013 \u0161ildymo sistemos, v\u0117dinimas, v\u0117sinimas, kanalizacija, vandentiekis, projektavimas ir pardavimai. Apie mus<\/p>","protected":false},"author":1,"featured_media":723,"parent":0,"menu_order":0,"comment_status":"closed","ping_status":"closed","template":"","meta":{"site-sidebar-layout":"no-sidebar","site-content-layout":"page-builder","ast-site-content-layout":"default","site-content-style":"default","site-sidebar-style":"default","ast-global-header-display":"","ast-banner-title-visibility":"","ast-main-header-display":"","ast-hfb-above-header-display":"","ast-hfb-below-header-display":"","ast-hfb-mobile-header-display":"","site-post-title":"disabled","ast-breadcrumbs-content":"","ast-featured-img":"disabled","footer-sml-layout":"","theme-transparent-header-meta":"enabled","adv-header-id-meta":"","stick-header-meta":"","header-above-stick-meta":"","header-main-stick-meta":"","header-below-stick-meta":"","astra-migrate-meta-layouts":"default","ast-page-background-enabled":"default","ast-page-background-meta":{"desktop":{"background-color":"","background-image":"","background-repeat":"repeat","background-position":"center center","background-size":"auto","background-attachment":"scroll","background-type":"","background-media":"","overlay-type":"","overlay-color":"","overlay-opacity":"","overlay-gradient":""},"tablet":{"background-color":"","background-image":"","background-repeat":"repeat","background-position":"center center","background-size":"auto","background-attachment":"scroll","background-type":"","background-media":"","overlay-type":"","overlay-color":"","overlay-opacity":"","overlay-gradient":""},"mobile":{"background-color":"","background-image":"","background-repeat":"repeat","background-position":"center center","background-size":"auto","background-attachment":"scroll","background-type":"","background-media":"","overlay-type":"","overlay-color":"","overlay-opacity":"","overlay-gradient":""}},"ast-content-background-meta":{"desktop":{"background-color":"var(--ast-global-color-5)","background-image":"","background-repeat":"repeat","background-position":"center center","background-size":"auto","background-attachment":"scroll","background-type":"","background-media":"","overlay-type":"","overlay-color":"","overlay-opacity":"","overlay-gradient":""},"tablet":{"background-color":"var(--ast-global-color-5)","background-image":"","background-repeat":"repeat","background-position":"center center","background-size":"auto","background-attachment":"scroll","background-type":"","background-media":"","overlay-type":"","overlay-color":"","overlay-opacity":"","overlay-gradient":""},"mobile":{"background-color":"var(--ast-global-color-5)","background-image":"","background-repeat":"repeat","background-position":"center center","background-size":"auto","background-attachment":"scroll","background-type":"","background-media":"","overlay-type":"","overlay-color":"","overlay-opacity":"","overlay-gradient":""}},"footnotes":""},"class_list":["post-719","page","type-page","status-publish","has-post-thumbnail","hentry"],"yoast_head":"<!-- This site is optimized with the Yoast SEO plugin v27.5 - https:\/\/yoast.com\/product\/yoast-seo-wordpress\/ -->\n<title>Karjera UAB \u201eSantechnikos montavimai\u201c \u012fmon\u0117je<\/title>\n<meta name=\"description\" content=\"Atsi\u0173skite mums savo CV. M\u016bs\u0173 veikla \u2013 \u0161ildymo sistemos, v\u0117dinimas, v\u0117sinimas, kanalizacija, vandentiekis, projektavimas ir pardavimai.\" \/>\n<meta name=\"robots\" content=\"index, follow, max-snippet:-1, max-image-preview:large, max-video-preview:-1\" \/>\n<link rel=\"canonical\" href=\"https:\/\/santechnikosmontavimai.lt\/en\/karjera\/\" \/>\n<meta property=\"og:locale\" content=\"en_GB\" \/>\n<meta property=\"og:type\" content=\"article\" \/>\n<meta property=\"og:title\" content=\"Karjera UAB \u201eSantechnikos montavimai\u201c \u012fmon\u0117je\" \/>\n<meta property=\"og:description\" content=\"Atsi\u0173skite mums savo CV. M\u016bs\u0173 veikla \u2013 \u0161ildymo sistemos, v\u0117dinimas, v\u0117sinimas, kanalizacija, vandentiekis, projektavimas ir pardavimai.\" \/>\n<meta property=\"og:url\" content=\"https:\/\/santechnikosmontavimai.lt\/en\/karjera\/\" \/>\n<meta property=\"og:site_name\" content=\"Santechnikos montavimai\" \/>\n<meta property=\"article:publisher\" content=\"https:\/\/facebook.com\/Santechnikosmontavimai\" \/>\n<meta property=\"article:modified_time\" content=\"2023-01-08T21:15:54+00:00\" \/>\n<meta property=\"og:image\" content=\"https:\/\/santechnikosmontavimai.lt\/wp-content\/uploads\/2022\/10\/santechnikos-karjera.jpg\" \/>\n\t<meta property=\"og:image:width\" content=\"1980\" \/>\n\t<meta property=\"og:image:height\" content=\"1320\" \/>\n\t<meta property=\"og:image:type\" content=\"image\/jpeg\" \/>\n<meta name=\"twitter:card\" content=\"summary_large_image\" \/>\n<meta name=\"twitter:label1\" content=\"Estimated reading time\" \/>\n\t<meta name=\"twitter:data1\" content=\"1 minute\" \/>\n<script type=\"application\/ld+json\" class=\"yoast-schema-graph\">{\"@context\":\"https:\\\/\\\/schema.org\",\"@graph\":[{\"@type\":\"WebPage\",\"@id\":\"https:\\\/\\\/santechnikosmontavimai.lt\\\/karjera\\\/\",\"url\":\"https:\\\/\\\/santechnikosmontavimai.lt\\\/karjera\\\/\",\"name\":\"Karjera UAB \u201eSantechnikos montavimai\u201c \u012fmon\u0117je\",\"isPartOf\":{\"@id\":\"https:\\\/\\\/santechnikosmontavimai.lt\\\/#website\"},\"primaryImageOfPage\":{\"@id\":\"https:\\\/\\\/santechnikosmontavimai.lt\\\/karjera\\\/#primaryimage\"},\"image\":{\"@id\":\"https:\\\/\\\/santechnikosmontavimai.lt\\\/karjera\\\/#primaryimage\"},\"thumbnailUrl\":\"https:\\\/\\\/santechnikosmontavimai.lt\\\/wp-content\\\/uploads\\\/2022\\\/10\\\/santechnikos-karjera.jpg\",\"datePublished\":\"2022-10-17T23:33:11+00:00\",\"dateModified\":\"2023-01-08T21:15:54+00:00\",\"description\":\"Atsi\u0173skite mums savo CV. M\u016bs\u0173 veikla \u2013 \u0161ildymo sistemos, v\u0117dinimas, v\u0117sinimas, kanalizacija, vandentiekis, projektavimas ir pardavimai.\",\"breadcrumb\":{\"@id\":\"https:\\\/\\\/santechnikosmontavimai.lt\\\/karjera\\\/#breadcrumb\"},\"inLanguage\":\"en-GB\",\"potentialAction\":[{\"@type\":\"ReadAction\",\"target\":[\"https:\\\/\\\/santechnikosmontavimai.lt\\\/karjera\\\/\"]}]},{\"@type\":\"ImageObject\",\"inLanguage\":\"en-GB\",\"@id\":\"https:\\\/\\\/santechnikosmontavimai.lt\\\/karjera\\\/#primaryimage\",\"url\":\"https:\\\/\\\/santechnikosmontavimai.lt\\\/wp-content\\\/uploads\\\/2022\\\/10\\\/santechnikos-karjera.jpg\",\"contentUrl\":\"https:\\\/\\\/santechnikosmontavimai.lt\\\/wp-content\\\/uploads\\\/2022\\\/10\\\/santechnikos-karjera.jpg\",\"width\":1980,\"height\":1320,\"caption\":\"Karjera su mumis \u2013 Santechnikos montavimai\"},{\"@type\":\"BreadcrumbList\",\"@id\":\"https:\\\/\\\/santechnikosmontavimai.lt\\\/karjera\\\/#breadcrumb\",\"itemListElement\":[{\"@type\":\"ListItem\",\"position\":1,\"name\":\"Home\",\"item\":\"https:\\\/\\\/santechnikosmontavimai.lt\\\/\"},{\"@type\":\"ListItem\",\"position\":2,\"name\":\"Karjera\"}]},{\"@type\":\"WebSite\",\"@id\":\"https:\\\/\\\/santechnikosmontavimai.lt\\\/#website\",\"url\":\"https:\\\/\\\/santechnikosmontavimai.lt\\\/\",\"name\":\"Santechnikos montavimai\",\"description\":\"Visos santechnikos paslaugos\",\"publisher\":{\"@id\":\"https:\\\/\\\/santechnikosmontavimai.lt\\\/#organization\"},\"potentialAction\":[{\"@type\":\"SearchAction\",\"target\":{\"@type\":\"EntryPoint\",\"urlTemplate\":\"https:\\\/\\\/santechnikosmontavimai.lt\\\/?s={search_term_string}\"},\"query-input\":{\"@type\":\"PropertyValueSpecification\",\"valueRequired\":true,\"valueName\":\"search_term_string\"}}],\"inLanguage\":\"en-GB\"},{\"@type\":\"Organization\",\"@id\":\"https:\\\/\\\/santechnikosmontavimai.lt\\\/#organization\",\"name\":\"Santechnikos montavimai\",\"url\":\"https:\\\/\\\/santechnikosmontavimai.lt\\\/\",\"logo\":{\"@type\":\"ImageObject\",\"inLanguage\":\"en-GB\",\"@id\":\"https:\\\/\\\/santechnikosmontavimai.lt\\\/#\\\/schema\\\/logo\\\/image\\\/\",\"url\":\"https:\\\/\\\/santechnikosmontavimai.lt\\\/wp-content\\\/uploads\\\/2022\\\/10\\\/logo.png\",\"contentUrl\":\"https:\\\/\\\/santechnikosmontavimai.lt\\\/wp-content\\\/uploads\\\/2022\\\/10\\\/logo.png\",\"width\":180,\"height\":166,\"caption\":\"Santechnikos montavimai\"},\"image\":{\"@id\":\"https:\\\/\\\/santechnikosmontavimai.lt\\\/#\\\/schema\\\/logo\\\/image\\\/\"},\"sameAs\":[\"https:\\\/\\\/facebook.com\\\/Santechnikosmontavimai\"]}]}<\/script>\n<!-- \/ Yoast SEO plugin. -->","yoast_head_json":{"title":"Karjera UAB \u201eSantechnikos montavimai\u201c \u012fmon\u0117je","description":"Atsi\u0173skite mums savo CV. M\u016bs\u0173 veikla \u2013 \u0161ildymo sistemos, v\u0117dinimas, v\u0117sinimas, kanalizacija, vandentiekis, projektavimas ir pardavimai.","robots":{"index":"index","follow":"follow","max-snippet":"max-snippet:-1","max-image-preview":"max-image-preview:large","max-video-preview":"max-video-preview:-1"},"canonical":"https:\/\/santechnikosmontavimai.lt\/en\/karjera\/","og_locale":"en_GB","og_type":"article","og_title":"Karjera UAB \u201eSantechnikos montavimai\u201c \u012fmon\u0117je","og_description":"Atsi\u0173skite mums savo CV. M\u016bs\u0173 veikla \u2013 \u0161ildymo sistemos, v\u0117dinimas, v\u0117sinimas, kanalizacija, vandentiekis, projektavimas ir pardavimai.","og_url":"https:\/\/santechnikosmontavimai.lt\/en\/karjera\/","og_site_name":"Santechnikos montavimai","article_publisher":"https:\/\/facebook.com\/Santechnikosmontavimai","article_modified_time":"2023-01-08T21:15:54+00:00","og_image":[{"width":1980,"height":1320,"url":"https:\/\/santechnikosmontavimai.lt\/wp-content\/uploads\/2022\/10\/santechnikos-karjera.jpg","type":"image\/jpeg"}],"twitter_card":"summary_large_image","twitter_misc":{"Estimated reading time":"1 minute"},"schema":{"@context":"https:\/\/schema.org","@graph":[{"@type":"WebPage","@id":"https:\/\/santechnikosmontavimai.lt\/karjera\/","url":"https:\/\/santechnikosmontavimai.lt\/karjera\/","name":"Karjera UAB \u201eSantechnikos montavimai\u201c \u012fmon\u0117je","isPartOf":{"@id":"https:\/\/santechnikosmontavimai.lt\/#website"},"primaryImageOfPage":{"@id":"https:\/\/santechnikosmontavimai.lt\/karjera\/#primaryimage"},"image":{"@id":"https:\/\/santechnikosmontavimai.lt\/karjera\/#primaryimage"},"thumbnailUrl":"https:\/\/santechnikosmontavimai.lt\/wp-content\/uploads\/2022\/10\/santechnikos-karjera.jpg","datePublished":"2022-10-17T23:33:11+00:00","dateModified":"2023-01-08T21:15:54+00:00","description":"Atsi\u0173skite mums savo CV. M\u016bs\u0173 veikla \u2013 \u0161ildymo sistemos, v\u0117dinimas, v\u0117sinimas, kanalizacija, vandentiekis, projektavimas ir pardavimai.","breadcrumb":{"@id":"https:\/\/santechnikosmontavimai.lt\/karjera\/#breadcrumb"},"inLanguage":"en-GB","potentialAction":[{"@type":"ReadAction","target":["https:\/\/santechnikosmontavimai.lt\/karjera\/"]}]},{"@type":"ImageObject","inLanguage":"en-GB","@id":"https:\/\/santechnikosmontavimai.lt\/karjera\/#primaryimage","url":"https:\/\/santechnikosmontavimai.lt\/wp-content\/uploads\/2022\/10\/santechnikos-karjera.jpg","contentUrl":"https:\/\/santechnikosmontavimai.lt\/wp-content\/uploads\/2022\/10\/santechnikos-karjera.jpg","width":1980,"height":1320,"caption":"Karjera su mumis \u2013 Santechnikos montavimai"},{"@type":"BreadcrumbList","@id":"https:\/\/santechnikosmontavimai.lt\/karjera\/#breadcrumb","itemListElement":[{"@type":"ListItem","position":1,"name":"Home","item":"https:\/\/santechnikosmontavimai.lt\/"},{"@type":"ListItem","position":2,"name":"Karjera"}]},{"@type":"WebSite","@id":"https:\/\/santechnikosmontavimai.lt\/#website","url":"https:\/\/santechnikosmontavimai.lt\/","name":"Santechnikos montavimai","description":"All plumbing services","publisher":{"@id":"https:\/\/santechnikosmontavimai.lt\/#organization"},"potentialAction":[{"@type":"SearchAction","target":{"@type":"EntryPoint","urlTemplate":"https:\/\/santechnikosmontavimai.lt\/?s={search_term_string}"},"query-input":{"@type":"PropertyValueSpecification","valueRequired":true,"valueName":"search_term_string"}}],"inLanguage":"en-GB"},{"@type":"Organization","@id":"https:\/\/santechnikosmontavimai.lt\/#organization","name":"Santechnikos montavimai","url":"https:\/\/santechnikosmontavimai.lt\/","logo":{"@type":"ImageObject","inLanguage":"en-GB","@id":"https:\/\/santechnikosmontavimai.lt\/#\/schema\/logo\/image\/","url":"https:\/\/santechnikosmontavimai.lt\/wp-content\/uploads\/2022\/10\/logo.png","contentUrl":"https:\/\/santechnikosmontavimai.lt\/wp-content\/uploads\/2022\/10\/logo.png","width":180,"height":166,"caption":"Santechnikos montavimai"},"image":{"@id":"https:\/\/santechnikosmontavimai.lt\/#\/schema\/logo\/image\/"},"sameAs":["https:\/\/facebook.com\/Santechnikosmontavimai"]}]}},"_links":{"self":[{"href":"https:\/\/santechnikosmontavimai.lt\/en\/wp-json\/wp\/v2\/pages\/719","targetHints":{"allow":["GET"]}}],"collection":[{"href":"https:\/\/santechnikosmontavimai.lt\/en\/wp-json\/wp\/v2\/pages"}],"about":[{"href":"https:\/\/santechnikosmontavimai.lt\/en\/wp-json\/wp\/v2\/types\/page"}],"author":[{"embeddable":true,"href":"https:\/\/santechnikosmontavimai.lt\/en\/wp-json\/wp\/v2\/users\/1"}],"replies":[{"embeddable":true,"href":"https:\/\/santechnikosmontavimai.lt\/en\/wp-json\/wp\/v2\/comments?post=719"}],"version-history":[{"count":23,"href":"https:\/\/santechnikosmontavimai.lt\/en\/wp-json\/wp\/v2\/pages\/719\/revisions"}],"predecessor-version":[{"id":1167,"href":"https:\/\/santechnikosmontavimai.lt\/en\/wp-json\/wp\/v2\/pages\/719\/revisions\/1167"}],"wp:featuredmedia":[{"embeddable":true,"href":"https:\/\/santechnikosmontavimai.lt\/en\/wp-json\/wp\/v2\/media\/723"}],"wp:attachment":[{"href":"https:\/\/santechnikosmontavimai.lt\/en\/wp-json\/wp\/v2\/media?parent=719"}],"curies":[{"name":"wp","href":"https:\/\/api.w.org\/{rel}","templated":true}]}}