{"id":540,"date":"2019-02-25T12:40:05","date_gmt":"2019-02-25T12:40:05","guid":{"rendered":"https:\/\/santechnikosmontavimai.lt\/contact\/"},"modified":"2025-11-20T18:33:51","modified_gmt":"2025-11-20T16:33:51","slug":"kontaktai","status":"publish","type":"page","link":"https:\/\/santechnikosmontavimai.lt\/en\/kontaktai\/","title":{"rendered":"Contacts"},"content":{"rendered":"\t\t<div data-elementor-type=\"wp-post\" data-elementor-id=\"540\" class=\"elementor elementor-540\">\n\t\t\t\t\t\t<section class=\"elementor-section elementor-top-section elementor-element elementor-element-ef68187 elementor-section-content-bottom elementor-section-boxed elementor-section-height-default elementor-section-height-default\" data-id=\"ef68187\" data-element_type=\"section\" data-e-type=\"section\" data-settings=\"{&quot;background_background&quot;:&quot;classic&quot;}\">\n\t\t\t\t\t\t\t<div class=\"elementor-background-overlay\"><\/div>\n\t\t\t\t\t\t\t<div class=\"elementor-container elementor-column-gap-no\">\n\t\t\t\t\t<div class=\"elementor-column elementor-col-100 elementor-top-column elementor-element elementor-element-f79c44d\" data-id=\"f79c44d\" data-element_type=\"column\" data-e-type=\"column\">\n\t\t\t<div class=\"elementor-widget-wrap elementor-element-populated\">\n\t\t\t\t\t\t<div class=\"elementor-element elementor-element-abe1cd6 elementor-widget elementor-widget-heading\" data-id=\"abe1cd6\" data-element_type=\"widget\" data-e-type=\"widget\" data-widget_type=\"heading.default\">\n\t\t\t\t<div class=\"elementor-widget-container\">\n\t\t\t\t\t<h1 class=\"elementor-heading-title elementor-size-default\">Kontaktai<\/h1>\t\t\t\t<\/div>\n\t\t\t\t<\/div>\n\t\t\t\t\t<\/div>\n\t\t<\/div>\n\t\t\t\t\t<\/div>\n\t\t<\/section>\n\t\t\t\t<section class=\"elementor-section elementor-top-section elementor-element elementor-element-5194bf2 elementor-section-content-top elementor-section-boxed elementor-section-height-default elementor-section-height-default\" data-id=\"5194bf2\" data-element_type=\"section\" data-e-type=\"section\" data-settings=\"{&quot;background_background&quot;:&quot;classic&quot;}\">\n\t\t\t\t\t\t<div class=\"elementor-container elementor-column-gap-no\">\n\t\t\t\t\t<div class=\"elementor-column elementor-col-100 elementor-top-column elementor-element elementor-element-2eff456\" data-id=\"2eff456\" data-element_type=\"column\" data-e-type=\"column\" data-settings=\"{&quot;background_background&quot;:&quot;classic&quot;}\">\n\t\t\t<div class=\"elementor-widget-wrap elementor-element-populated\">\n\t\t\t\t\t\t<section class=\"elementor-section elementor-inner-section elementor-element elementor-element-f24a531 elementor-reverse-mobile elementor-section-boxed elementor-section-height-default elementor-section-height-default\" data-id=\"f24a531\" data-element_type=\"section\" data-e-type=\"section\">\n\t\t\t\t\t\t<div class=\"elementor-container elementor-column-gap-no\">\n\t\t\t\t\t<div class=\"elementor-column elementor-col-33 elementor-inner-column elementor-element elementor-element-9157d49\" data-id=\"9157d49\" data-element_type=\"column\" data-e-type=\"column\">\n\t\t\t<div class=\"elementor-widget-wrap elementor-element-populated\">\n\t\t\t\t\t\t<div class=\"elementor-element elementor-element-b958980 elementor-widget elementor-widget-heading\" data-id=\"b958980\" data-element_type=\"widget\" data-e-type=\"widget\" data-widget_type=\"heading.default\">\n\t\t\t\t<div class=\"elementor-widget-container\">\n\t\t\t\t\t<h6 class=\"elementor-heading-title elementor-size-default\">Kontaktai<\/h6>\t\t\t\t<\/div>\n\t\t\t\t<\/div>\n\t\t\t\t<div class=\"elementor-element elementor-element-063c3e5 elementor-icon-list--layout-traditional elementor-list-item-link-full_width elementor-widget elementor-widget-icon-list\" data-id=\"063c3e5\" data-element_type=\"widget\" data-e-type=\"widget\" data-widget_type=\"icon-list.default\">\n\t\t\t\t<div class=\"elementor-widget-container\">\n\t\t\t\t\t\t\t<ul class=\"elementor-icon-list-items\">\n\t\t\t\t\t\t\t<li class=\"elementor-icon-list-item\">\n\t\t\t\t\t\t\t\t\t\t\t<span class=\"elementor-icon-list-icon\">\n\t\t\t\t\t\t\t<i aria-hidden=\"true\" class=\"far fa-clock\"><\/i>\t\t\t\t\t\t<\/span>\n\t\t\t\t\t\t\t\t\t\t<span class=\"elementor-icon-list-text\">Darbo laikas: 08:00- 20:00<\/span>\n\t\t\t\t\t\t\t\t\t<\/li>\n\t\t\t\t\t\t\t\t<li class=\"elementor-icon-list-item\">\n\t\t\t\t\t\t\t\t\t\t\t<a href=\"mailto:info@santechnikosmontavimai.lt\">\n\n\t\t\t\t\t\t\t\t\t\t\t\t<span class=\"elementor-icon-list-icon\">\n\t\t\t\t\t\t\t<i aria-hidden=\"true\" class=\"far fa-envelope\"><\/i>\t\t\t\t\t\t<\/span>\n\t\t\t\t\t\t\t\t\t\t<span class=\"elementor-icon-list-text\">info@santechnikosmontavimai.lt<\/span>\n\t\t\t\t\t\t\t\t\t\t\t<\/a>\n\t\t\t\t\t\t\t\t\t<\/li>\n\t\t\t\t\t\t\t\t<li class=\"elementor-icon-list-item\">\n\t\t\t\t\t\t\t\t\t\t\t<a href=\"tel:+37068080710\">\n\n\t\t\t\t\t\t\t\t\t\t\t\t<span class=\"elementor-icon-list-icon\">\n\t\t\t\t\t\t\t<i aria-hidden=\"true\" class=\"fas fa-mobile-alt\"><\/i>\t\t\t\t\t\t<\/span>\n\t\t\t\t\t\t\t\t\t\t<span class=\"elementor-icon-list-text\">+370 680 80710<\/span>\n\t\t\t\t\t\t\t\t\t\t\t<\/a>\n\t\t\t\t\t\t\t\t\t<\/li>\n\t\t\t\t\t\t\t\t<li class=\"elementor-icon-list-item\">\n\t\t\t\t\t\t\t\t\t\t\t<span class=\"elementor-icon-list-icon\">\n\t\t\t\t\t\t\t<i aria-hidden=\"true\" class=\"fas fa-map-marker-alt\"><\/i>\t\t\t\t\t\t<\/span>\n\t\t\t\t\t\t\t\t\t\t<span class=\"elementor-icon-list-text\">Gedimino pr. 45-4, Vilnius, Lietuva, LT-01109<\/span>\n\t\t\t\t\t\t\t\t\t<\/li>\n\t\t\t\t\t\t<\/ul>\n\t\t\t\t\t\t<\/div>\n\t\t\t\t<\/div>\n\t\t\t\t<div class=\"elementor-element elementor-element-1184c72 elementor-widget elementor-widget-heading\" data-id=\"1184c72\" data-element_type=\"widget\" data-e-type=\"widget\" data-widget_type=\"heading.default\">\n\t\t\t\t<div class=\"elementor-widget-container\">\n\t\t\t\t\t<h6 class=\"elementor-heading-title elementor-size-default\">\u012emon\u0117s rekvizitai<\/h6>\t\t\t\t<\/div>\n\t\t\t\t<\/div>\n\t\t\t\t<div class=\"elementor-element elementor-element-19315da elementor-icon-list--layout-traditional elementor-list-item-link-full_width elementor-widget elementor-widget-icon-list\" data-id=\"19315da\" data-element_type=\"widget\" data-e-type=\"widget\" data-widget_type=\"icon-list.default\">\n\t\t\t\t<div class=\"elementor-widget-container\">\n\t\t\t\t\t\t\t<ul class=\"elementor-icon-list-items\">\n\t\t\t\t\t\t\t<li class=\"elementor-icon-list-item\">\n\t\t\t\t\t\t\t\t\t\t\t<span class=\"elementor-icon-list-icon\">\n\t\t\t\t\t\t\t<i aria-hidden=\"true\" class=\"fas fa-angle-right\"><\/i>\t\t\t\t\t\t<\/span>\n\t\t\t\t\t\t\t\t\t\t<span class=\"elementor-icon-list-text\">UAB \u201eSantechnikos montavimai\u201c<\/span>\n\t\t\t\t\t\t\t\t\t<\/li>\n\t\t\t\t\t\t\t\t<li class=\"elementor-icon-list-item\">\n\t\t\t\t\t\t\t\t\t\t\t<span class=\"elementor-icon-list-icon\">\n\t\t\t\t\t\t\t<i aria-hidden=\"true\" class=\"fas fa-angle-right\"><\/i>\t\t\t\t\t\t<\/span>\n\t\t\t\t\t\t\t\t\t\t<span class=\"elementor-icon-list-text\">\u012emon\u0117s kodas: 305289921<\/span>\n\t\t\t\t\t\t\t\t\t<\/li>\n\t\t\t\t\t\t\t\t<li class=\"elementor-icon-list-item\">\n\t\t\t\t\t\t\t\t\t\t\t<span class=\"elementor-icon-list-icon\">\n\t\t\t\t\t\t\t<i aria-hidden=\"true\" class=\"fas fa-angle-right\"><\/i>\t\t\t\t\t\t<\/span>\n\t\t\t\t\t\t\t\t\t\t<span class=\"elementor-icon-list-text\">Ats. s\u0105sk.: LT257044090103778540<\/span>\n\t\t\t\t\t\t\t\t\t<\/li>\n\t\t\t\t\t\t\t\t<li class=\"elementor-icon-list-item\">\n\t\t\t\t\t\t\t\t\t\t\t<span class=\"elementor-icon-list-icon\">\n\t\t\t\t\t\t\t<i aria-hidden=\"true\" class=\"far fa-clock\"><\/i>\t\t\t\t\t\t<\/span>\n\t\t\t\t\t\t\t\t\t\t<span class=\"elementor-icon-list-text\">Darbo laikas: 08:00- 20:00<\/span>\n\t\t\t\t\t\t\t\t\t<\/li>\n\t\t\t\t\t\t<\/ul>\n\t\t\t\t\t\t<\/div>\n\t\t\t\t<\/div>\n\t\t\t\t\t<\/div>\n\t\t<\/div>\n\t\t\t\t<div class=\"elementor-column elementor-col-66 elementor-inner-column elementor-element elementor-element-5886b3d\" data-id=\"5886b3d\" data-element_type=\"column\" data-e-type=\"column\">\n\t\t\t<div class=\"elementor-widget-wrap elementor-element-populated\">\n\t\t\t\t\t\t<div class=\"elementor-element elementor-element-846c977 elementor-widget elementor-widget-heading\" data-id=\"846c977\" data-element_type=\"widget\" data-e-type=\"widget\" data-widget_type=\"heading.default\">\n\t\t\t\t<div class=\"elementor-widget-container\">\n\t\t\t\t\t<h2 class=\"elementor-heading-title elementor-size-default\">Para\u0161ykite mums<\/h2>\t\t\t\t<\/div>\n\t\t\t\t<\/div>\n\t\t\t\t<div class=\"elementor-element elementor-element-887ace1 elementor-widget elementor-widget-shortcode\" data-id=\"887ace1\" data-element_type=\"widget\" data-e-type=\"widget\" data-widget_type=\"shortcode.default\">\n\t\t\t\t<div class=\"elementor-widget-container\">\n\t\t\t\t\t\t\t<div class=\"elementor-shortcode\">[wpforms id=\"7\"]<\/div>\n\t\t\t\t\t\t<\/div>\n\t\t\t\t<\/div>\n\t\t\t\t\t<\/div>\n\t\t<\/div>\n\t\t\t\t\t<\/div>\n\t\t<\/section>\n\t\t\t\t\t<\/div>\n\t\t<\/div>\n\t\t\t\t\t<\/div>\n\t\t<\/section>\n\t\t\t\t<section class=\"elementor-section elementor-top-section elementor-element elementor-element-0228abb elementor-section-full_width elementor-section-height-default elementor-section-height-default\" data-id=\"0228abb\" data-element_type=\"section\" data-e-type=\"section\">\n\t\t\t\t\t\t<div class=\"elementor-container elementor-column-gap-no\">\n\t\t\t\t\t<div class=\"elementor-column elementor-col-100 elementor-top-column elementor-element elementor-element-c766d32\" data-id=\"c766d32\" data-element_type=\"column\" data-e-type=\"column\">\n\t\t\t<div class=\"elementor-widget-wrap elementor-element-populated\">\n\t\t\t\t\t\t<div class=\"elementor-element elementor-element-ec9c1a5 elementor-widget elementor-widget-google_maps\" data-id=\"ec9c1a5\" data-element_type=\"widget\" data-e-type=\"widget\" data-widget_type=\"google_maps.default\">\n\t\t\t\t<div class=\"elementor-widget-container\">\n\t\t\t\t\t\t\t<div class=\"elementor-custom-embed\">\n\t\t\t<iframe loading=\"lazy\"\n\t\t\t\t\tsrc=\"https:\/\/maps.google.com\/maps?q=Gedimino%20pr.%2045-4%2C%20Vilnius%2C%20Lietuva%2C%20LT-01109&#038;t=m&#038;z=15&#038;output=embed&#038;iwloc=near\"\n\t\t\t\t\ttitle=\"Gedimino pr. 45-4, Vilnius, Lietuva, LT-01109\"\n\t\t\t\t\taria-label=\"Gedimino pr. 45-4, Vilnius, Lietuva, LT-01109\"\n\t\t\t><\/iframe>\n\t\t<\/div>\n\t\t\t\t\t\t<\/div>\n\t\t\t\t<\/div>\n\t\t\t\t\t<\/div>\n\t\t<\/div>\n\t\t\t\t\t<\/div>\n\t\t<\/section>\n\t\t\t\t<\/div>\n\t\t","protected":false},"excerpt":{"rendered":"<p>Kontaktai Kontaktai Darbo laikas: 08:00- 20:00 info@santechnikosmontavimai.lt +370 680 80710 Gedimino pr. 45-4, Vilnius, Lietuva, LT-01109 \u012emon\u0117s rekvizitai UAB \u201eSantechnikos montavimai\u201c \u012emon\u0117s kodas: 305289921 Ats. s\u0105sk.: LT257044090103778540 Darbo laikas: 08:00- 20:00 Para\u0161ykite mums [wpforms id=&#8221;7&#8243;]<\/p>\n","protected":false},"author":1,"featured_media":547,"parent":0,"menu_order":0,"comment_status":"closed","ping_status":"closed","template":"","meta":{"site-sidebar-layout":"no-sidebar","site-content-layout":"page-builder","ast-site-content-layout":"full-width-container","site-content-style":"unboxed","site-sidebar-style":"unboxed","ast-global-header-display":"","ast-banner-title-visibility":"","ast-main-header-display":"","ast-hfb-above-header-display":"","ast-hfb-below-header-display":"","ast-hfb-mobile-header-display":"","site-post-title":"disabled","ast-breadcrumbs-content":"","ast-featured-img":"disabled","footer-sml-layout":"","theme-transparent-header-meta":"enabled","adv-header-id-meta":"","stick-header-meta":"","header-above-stick-meta":"","header-main-stick-meta":"","header-below-stick-meta":"","astra-migrate-meta-layouts":"set","ast-page-background-enabled":"default","ast-page-background-meta":{"desktop":{"background-color":"","background-image":"","background-repeat":"repeat","background-position":"center center","background-size":"auto","background-attachment":"scroll","background-type":"","background-media":"","overlay-type":"","overlay-color":"","overlay-opacity":"","overlay-gradient":""},"tablet":{"background-color":"","background-image":"","background-repeat":"repeat","background-position":"center center","background-size":"auto","background-attachment":"scroll","background-type":"","background-media":"","overlay-type":"","overlay-color":"","overlay-opacity":"","overlay-gradient":""},"mobile":{"background-color":"","background-image":"","background-repeat":"repeat","background-position":"center center","background-size":"auto","background-attachment":"scroll","background-type":"","background-media":"","overlay-type":"","overlay-color":"","overlay-opacity":"","overlay-gradient":""}},"ast-content-background-meta":{"desktop":{"background-color":"var(--ast-global-color-5)","background-image":"","background-repeat":"repeat","background-position":"center center","background-size":"auto","background-attachment":"scroll","background-type":"","background-media":"","overlay-type":"","overlay-color":"","overlay-opacity":"","overlay-gradient":""},"tablet":{"background-color":"var(--ast-global-color-5)","background-image":"","background-repeat":"repeat","background-position":"center center","background-size":"auto","background-attachment":"scroll","background-type":"","background-media":"","overlay-type":"","overlay-color":"","overlay-opacity":"","overlay-gradient":""},"mobile":{"background-color":"var(--ast-global-color-5)","background-image":"","background-repeat":"repeat","background-position":"center center","background-size":"auto","background-attachment":"scroll","background-type":"","background-media":"","overlay-type":"","overlay-color":"","overlay-opacity":"","overlay-gradient":""}},"footnotes":""},"class_list":["post-540","page","type-page","status-publish","has-post-thumbnail","hentry"],"yoast_head":"<!-- This site is optimized with the Yoast SEO plugin v27.3 - https:\/\/yoast.com\/product\/yoast-seo-wordpress\/ -->\n<title>UAB \u201eSantechnikos montavimai\u201c kontaktai<\/title>\n<meta name=\"description\" content=\"Santechnikos ir montavim\u0173 paslaugos \u2013 info@santechnikosmontavimai.lt, +370 680 80733, Justini\u0161ki\u0173 g. 62A-201, Vilnius, Lietuva, LT-05239\" \/>\n<meta name=\"robots\" content=\"index, follow, max-snippet:-1, max-image-preview:large, max-video-preview:-1\" \/>\n<link rel=\"canonical\" href=\"https:\/\/santechnikosmontavimai.lt\/en\/kontaktai\/\" \/>\n<meta property=\"og:locale\" content=\"en_GB\" \/>\n<meta property=\"og:type\" content=\"article\" \/>\n<meta property=\"og:title\" content=\"UAB \u201eSantechnikos montavimai\u201c kontaktai\" \/>\n<meta property=\"og:description\" content=\"Santechnikos ir montavim\u0173 paslaugos \u2013 info@santechnikosmontavimai.lt, +370 680 80733, Justini\u0161ki\u0173 g. 62A-201, Vilnius, Lietuva, LT-05239\" \/>\n<meta property=\"og:url\" content=\"https:\/\/santechnikosmontavimai.lt\/en\/kontaktai\/\" \/>\n<meta property=\"og:site_name\" content=\"Santechnikos montavimai\" \/>\n<meta property=\"article:publisher\" content=\"https:\/\/facebook.com\/Santechnikosmontavimai\" \/>\n<meta property=\"article:modified_time\" content=\"2025-11-20T16:33:51+00:00\" \/>\n<meta property=\"og:image\" content=\"https:\/\/santechnikosmontavimai.lt\/wp-content\/uploads\/2022\/10\/logo@2x.png\" \/>\n\t<meta property=\"og:image:width\" content=\"360\" \/>\n\t<meta property=\"og:image:height\" content=\"333\" \/>\n\t<meta property=\"og:image:type\" content=\"image\/png\" \/>\n<meta name=\"twitter:card\" content=\"summary_large_image\" \/>\n<meta name=\"twitter:label1\" content=\"Estimated reading time\" \/>\n\t<meta name=\"twitter:data1\" content=\"1 minute\" \/>\n<script type=\"application\/ld+json\" class=\"yoast-schema-graph\">{\"@context\":\"https:\\\/\\\/schema.org\",\"@graph\":[{\"@type\":\"WebPage\",\"@id\":\"https:\\\/\\\/santechnikosmontavimai.lt\\\/kontaktai\\\/\",\"url\":\"https:\\\/\\\/santechnikosmontavimai.lt\\\/kontaktai\\\/\",\"name\":\"UAB \u201eSantechnikos montavimai\u201c kontaktai\",\"isPartOf\":{\"@id\":\"https:\\\/\\\/santechnikosmontavimai.lt\\\/#website\"},\"primaryImageOfPage\":{\"@id\":\"https:\\\/\\\/santechnikosmontavimai.lt\\\/kontaktai\\\/#primaryimage\"},\"image\":{\"@id\":\"https:\\\/\\\/santechnikosmontavimai.lt\\\/kontaktai\\\/#primaryimage\"},\"thumbnailUrl\":\"https:\\\/\\\/santechnikosmontavimai.lt\\\/wp-content\\\/uploads\\\/2022\\\/10\\\/logo@2x.png\",\"datePublished\":\"2019-02-25T12:40:05+00:00\",\"dateModified\":\"2025-11-20T16:33:51+00:00\",\"description\":\"Santechnikos ir montavim\u0173 paslaugos \u2013 info@santechnikosmontavimai.lt, +370 680 80733, Justini\u0161ki\u0173 g. 62A-201, Vilnius, Lietuva, LT-05239\",\"breadcrumb\":{\"@id\":\"https:\\\/\\\/santechnikosmontavimai.lt\\\/kontaktai\\\/#breadcrumb\"},\"inLanguage\":\"en-GB\",\"potentialAction\":[{\"@type\":\"ReadAction\",\"target\":[\"https:\\\/\\\/santechnikosmontavimai.lt\\\/kontaktai\\\/\"]}]},{\"@type\":\"ImageObject\",\"inLanguage\":\"en-GB\",\"@id\":\"https:\\\/\\\/santechnikosmontavimai.lt\\\/kontaktai\\\/#primaryimage\",\"url\":\"https:\\\/\\\/santechnikosmontavimai.lt\\\/wp-content\\\/uploads\\\/2022\\\/10\\\/logo@2x.png\",\"contentUrl\":\"https:\\\/\\\/santechnikosmontavimai.lt\\\/wp-content\\\/uploads\\\/2022\\\/10\\\/logo@2x.png\",\"width\":360,\"height\":333,\"caption\":\"Santechnikos ir montavimo paslaugos \u2013 UAB \u201eSantechnikos montavimai\u201c\"},{\"@type\":\"BreadcrumbList\",\"@id\":\"https:\\\/\\\/santechnikosmontavimai.lt\\\/kontaktai\\\/#breadcrumb\",\"itemListElement\":[{\"@type\":\"ListItem\",\"position\":1,\"name\":\"Home\",\"item\":\"https:\\\/\\\/santechnikosmontavimai.lt\\\/\"},{\"@type\":\"ListItem\",\"position\":2,\"name\":\"Kontaktai\"}]},{\"@type\":\"WebSite\",\"@id\":\"https:\\\/\\\/santechnikosmontavimai.lt\\\/#website\",\"url\":\"https:\\\/\\\/santechnikosmontavimai.lt\\\/\",\"name\":\"Santechnikos montavimai\",\"description\":\"Visos santechnikos paslaugos\",\"publisher\":{\"@id\":\"https:\\\/\\\/santechnikosmontavimai.lt\\\/#organization\"},\"potentialAction\":[{\"@type\":\"SearchAction\",\"target\":{\"@type\":\"EntryPoint\",\"urlTemplate\":\"https:\\\/\\\/santechnikosmontavimai.lt\\\/?s={search_term_string}\"},\"query-input\":{\"@type\":\"PropertyValueSpecification\",\"valueRequired\":true,\"valueName\":\"search_term_string\"}}],\"inLanguage\":\"en-GB\"},{\"@type\":\"Organization\",\"@id\":\"https:\\\/\\\/santechnikosmontavimai.lt\\\/#organization\",\"name\":\"Santechnikos montavimai\",\"url\":\"https:\\\/\\\/santechnikosmontavimai.lt\\\/\",\"logo\":{\"@type\":\"ImageObject\",\"inLanguage\":\"en-GB\",\"@id\":\"https:\\\/\\\/santechnikosmontavimai.lt\\\/#\\\/schema\\\/logo\\\/image\\\/\",\"url\":\"https:\\\/\\\/santechnikosmontavimai.lt\\\/wp-content\\\/uploads\\\/2022\\\/10\\\/logo.png\",\"contentUrl\":\"https:\\\/\\\/santechnikosmontavimai.lt\\\/wp-content\\\/uploads\\\/2022\\\/10\\\/logo.png\",\"width\":180,\"height\":166,\"caption\":\"Santechnikos montavimai\"},\"image\":{\"@id\":\"https:\\\/\\\/santechnikosmontavimai.lt\\\/#\\\/schema\\\/logo\\\/image\\\/\"},\"sameAs\":[\"https:\\\/\\\/facebook.com\\\/Santechnikosmontavimai\"]}]}<\/script>\n<!-- \/ Yoast SEO plugin. -->","yoast_head_json":{"title":"UAB \u201eSantechnikos montavimai\u201c kontaktai","description":"Santechnikos ir montavim\u0173 paslaugos \u2013 info@santechnikosmontavimai.lt, +370 680 80733, Justini\u0161ki\u0173 g. 62A-201, Vilnius, Lietuva, LT-05239","robots":{"index":"index","follow":"follow","max-snippet":"max-snippet:-1","max-image-preview":"max-image-preview:large","max-video-preview":"max-video-preview:-1"},"canonical":"https:\/\/santechnikosmontavimai.lt\/en\/kontaktai\/","og_locale":"en_GB","og_type":"article","og_title":"UAB \u201eSantechnikos montavimai\u201c kontaktai","og_description":"Santechnikos ir montavim\u0173 paslaugos \u2013 info@santechnikosmontavimai.lt, +370 680 80733, Justini\u0161ki\u0173 g. 62A-201, Vilnius, Lietuva, LT-05239","og_url":"https:\/\/santechnikosmontavimai.lt\/en\/kontaktai\/","og_site_name":"Santechnikos montavimai","article_publisher":"https:\/\/facebook.com\/Santechnikosmontavimai","article_modified_time":"2025-11-20T16:33:51+00:00","og_image":[{"width":360,"height":333,"url":"https:\/\/santechnikosmontavimai.lt\/wp-content\/uploads\/2022\/10\/logo@2x.png","type":"image\/png"}],"twitter_card":"summary_large_image","twitter_misc":{"Estimated reading time":"1 minute"},"schema":{"@context":"https:\/\/schema.org","@graph":[{"@type":"WebPage","@id":"https:\/\/santechnikosmontavimai.lt\/kontaktai\/","url":"https:\/\/santechnikosmontavimai.lt\/kontaktai\/","name":"UAB \u201eSantechnikos montavimai\u201c kontaktai","isPartOf":{"@id":"https:\/\/santechnikosmontavimai.lt\/#website"},"primaryImageOfPage":{"@id":"https:\/\/santechnikosmontavimai.lt\/kontaktai\/#primaryimage"},"image":{"@id":"https:\/\/santechnikosmontavimai.lt\/kontaktai\/#primaryimage"},"thumbnailUrl":"https:\/\/santechnikosmontavimai.lt\/wp-content\/uploads\/2022\/10\/logo@2x.png","datePublished":"2019-02-25T12:40:05+00:00","dateModified":"2025-11-20T16:33:51+00:00","description":"Santechnikos ir montavim\u0173 paslaugos \u2013 info@santechnikosmontavimai.lt, +370 680 80733, Justini\u0161ki\u0173 g. 62A-201, Vilnius, Lietuva, LT-05239","breadcrumb":{"@id":"https:\/\/santechnikosmontavimai.lt\/kontaktai\/#breadcrumb"},"inLanguage":"en-GB","potentialAction":[{"@type":"ReadAction","target":["https:\/\/santechnikosmontavimai.lt\/kontaktai\/"]}]},{"@type":"ImageObject","inLanguage":"en-GB","@id":"https:\/\/santechnikosmontavimai.lt\/kontaktai\/#primaryimage","url":"https:\/\/santechnikosmontavimai.lt\/wp-content\/uploads\/2022\/10\/logo@2x.png","contentUrl":"https:\/\/santechnikosmontavimai.lt\/wp-content\/uploads\/2022\/10\/logo@2x.png","width":360,"height":333,"caption":"Santechnikos ir montavimo paslaugos \u2013 UAB \u201eSantechnikos montavimai\u201c"},{"@type":"BreadcrumbList","@id":"https:\/\/santechnikosmontavimai.lt\/kontaktai\/#breadcrumb","itemListElement":[{"@type":"ListItem","position":1,"name":"Home","item":"https:\/\/santechnikosmontavimai.lt\/"},{"@type":"ListItem","position":2,"name":"Kontaktai"}]},{"@type":"WebSite","@id":"https:\/\/santechnikosmontavimai.lt\/#website","url":"https:\/\/santechnikosmontavimai.lt\/","name":"Santechnikos montavimai","description":"All plumbing services","publisher":{"@id":"https:\/\/santechnikosmontavimai.lt\/#organization"},"potentialAction":[{"@type":"SearchAction","target":{"@type":"EntryPoint","urlTemplate":"https:\/\/santechnikosmontavimai.lt\/?s={search_term_string}"},"query-input":{"@type":"PropertyValueSpecification","valueRequired":true,"valueName":"search_term_string"}}],"inLanguage":"en-GB"},{"@type":"Organization","@id":"https:\/\/santechnikosmontavimai.lt\/#organization","name":"Santechnikos montavimai","url":"https:\/\/santechnikosmontavimai.lt\/","logo":{"@type":"ImageObject","inLanguage":"en-GB","@id":"https:\/\/santechnikosmontavimai.lt\/#\/schema\/logo\/image\/","url":"https:\/\/santechnikosmontavimai.lt\/wp-content\/uploads\/2022\/10\/logo.png","contentUrl":"https:\/\/santechnikosmontavimai.lt\/wp-content\/uploads\/2022\/10\/logo.png","width":180,"height":166,"caption":"Santechnikos montavimai"},"image":{"@id":"https:\/\/santechnikosmontavimai.lt\/#\/schema\/logo\/image\/"},"sameAs":["https:\/\/facebook.com\/Santechnikosmontavimai"]}]}},"_links":{"self":[{"href":"https:\/\/santechnikosmontavimai.lt\/en\/wp-json\/wp\/v2\/pages\/540","targetHints":{"allow":["GET"]}}],"collection":[{"href":"https:\/\/santechnikosmontavimai.lt\/en\/wp-json\/wp\/v2\/pages"}],"about":[{"href":"https:\/\/santechnikosmontavimai.lt\/en\/wp-json\/wp\/v2\/types\/page"}],"author":[{"embeddable":true,"href":"https:\/\/santechnikosmontavimai.lt\/en\/wp-json\/wp\/v2\/users\/1"}],"replies":[{"embeddable":true,"href":"https:\/\/santechnikosmontavimai.lt\/en\/wp-json\/wp\/v2\/comments?post=540"}],"version-history":[{"count":52,"href":"https:\/\/santechnikosmontavimai.lt\/en\/wp-json\/wp\/v2\/pages\/540\/revisions"}],"predecessor-version":[{"id":5550,"href":"https:\/\/santechnikosmontavimai.lt\/en\/wp-json\/wp\/v2\/pages\/540\/revisions\/5550"}],"wp:featuredmedia":[{"embeddable":true,"href":"https:\/\/santechnikosmontavimai.lt\/en\/wp-json\/wp\/v2\/media\/547"}],"wp:attachment":[{"href":"https:\/\/santechnikosmontavimai.lt\/en\/wp-json\/wp\/v2\/media?parent=540"}],"curies":[{"name":"wp","href":"https:\/\/api.w.org\/{rel}","templated":true}]}}